{"id":14382,"date":"2020-10-30T16:01:55","date_gmt":"2020-10-30T08:01:55","guid":{"rendered":"https:\/\/australmigrate.com.vn\/cam-on-ban-opps\/"},"modified":"2023-10-07T13:12:24","modified_gmt":"2023-10-07T05:12:24","slug":"cam-on-ban-opps","status":"publish","type":"page","link":"https:\/\/australmigrate.com.vn\/vi\/cam-on-ban-opps\/","title":{"rendered":"C\u1ea3m \u01a1n b\u1ea1n (Opps)"},"content":{"rendered":"<div class=\"fusion-fullwidth fullwidth-box fusion-builder-row-1 fusion-flex-container nonhundred-percent-fullwidth non-hundred-percent-height-scrolling\" style=\"background-color: rgba(255,255,255,0);background-position: center center;background-repeat: no-repeat;border-width: 0px 0px 0px 0px;border-color:#eae9e9;border-style:solid;\" ><div class=\"fusion-builder-row fusion-row fusion-flex-align-items-flex-start\" style=\"max-width:1144px;margin-left: calc(-4% \/ 2 );margin-right: calc(-4% \/ 2 );\"><div class=\"fusion-layout-column fusion_builder_column fusion-builder-column-0 fusion_builder_column_1_2 1_2 fusion-flex-column\"><div class=\"fusion-column-wrapper fusion-flex-justify-content-flex-start fusion-content-layout-column\" style=\"background-position:left top;background-repeat:no-repeat;-webkit-background-size:cover;-moz-background-size:cover;-o-background-size:cover;background-size:cover;padding: 0px 0px 0px 0px;\"><style type=\"text\/css\">@media only screen and (max-width:1024px) {.fusion-title.fusion-title-1{margin-top:0px!important; margin-right:0px!important;margin-bottom:31px!important;margin-left:0px!important;}}@media only screen and (max-width:640px) {.fusion-title.fusion-title-1{margin-top:10px!important; margin-right:0px!important;margin-bottom:10px!important; margin-left:0px!important;}}<\/style><div class=\"fusion-title title fusion-title-1 sep-underline sep-solid fusion-title-text fusion-title-size-one\" style=\"border-bottom-color:#e45353;margin-top:0px;margin-right:0px;margin-bottom:31px;margin-left:0px;\"><h1 class=\"title-heading-left fusion-responsive-typography-calculated\" style=\"margin:0;--fontSize:40;line-height:1.5;\">C\u1ea3m \u01a1n b\u1ea1n \u0111\u00e3 y\u00eau c\u1ea7u m\u1ed9t cu\u1ed9c h\u1eb9n t\u00e1i kh\u00e1m<\/h1><\/div><\/div><style type=\"text\/css\">.fusion-body .fusion-builder-column-0{width:50% !important;margin-top : 0px;margin-bottom : 20px;}.fusion-builder-column-0 > .fusion-column-wrapper {padding-top : 0px !important;padding-right : 0px !important;margin-right : 3.84%;padding-bottom : 0px !important;padding-left : 0px !important;margin-left : 3.84%;}@media only screen and (max-width:1024px) {.fusion-body .fusion-builder-column-0{width:100% !important;}.fusion-builder-column-0 > .fusion-column-wrapper {margin-right : 1.92%;margin-left : 1.92%;}}@media only screen and (max-width:640px) {.fusion-body .fusion-builder-column-0{width:100% !important;}.fusion-builder-column-0 > .fusion-column-wrapper {margin-right : 1.92%;margin-left : 1.92%;}}<\/style><\/div><div class=\"fusion-layout-column fusion_builder_column fusion-builder-column-1 fusion_builder_column_1_2 1_2 fusion-flex-column\"><div class=\"fusion-column-wrapper fusion-flex-justify-content-flex-start fusion-content-layout-column\" style=\"background-position:left top;background-repeat:no-repeat;-webkit-background-size:cover;-moz-background-size:cover;-o-background-size:cover;background-size:cover;padding: 0px 0px 0px 0px;\"><div class=\"fusion-text fusion-text-1\"><p>M\u1ed9t trong nh\u1eefng th\u00e0nh vi\u00ean trong nh\u00f3m c\u1ee7a ch\u00fang t\u00f4i s\u1ebd s\u1edbm li\u00ean l\u1ea1c v\u1edbi b\u1ea1n &#8211; \u0111\u00e2y ph\u1ea3i l\u00e0 ng\u01b0\u1eddi b\u1ea1n \u0111\u00e3 n\u00f3i chuy\u1ec7n ban \u0111\u1ea7u.<\/p>\n<p>Nh\u01b0ng n\u1ebfu b\u1ea1n kh\u00f4ng nh\u1eadn \u0111\u01b0\u1ee3c <span style=\"background-color: rgba(255, 255, 255, 0); color: var(--body_typography-color); font-family: var(--body_typography-font-family); font-size: var(--body_typography-font-size); font-style: var(--body_typography-font-style,normal); font-weight: var(--body_typography-font-weight); letter-spacing: var(--body_typography-letter-spacing);\">b\u1ea5t k\u1ef3 th\u00f4ng tin li\u00ean l\u1ea1c n\u00e0o t\u1eeb ch\u00fang t\u00f4i, vui l\u00f2ng <\/span><span style=\"background-color: rgba(255, 255, 255, 0); color: var(--body_typography-color); font-family: var(--body_typography-font-family); font-size: var(--body_typography-font-size); font-style: var(--body_typography-font-style,normal); font-weight: var(--body_typography-font-weight); letter-spacing: var(--body_typography-letter-spacing); text-decoration-line: underline;\">ki\u1ec3m tra th\u01b0 m\u1ee5c th\u01b0 r\u00e1c c\u1ee7a<\/span> b\u1ea1n <span style=\"background-color: rgba(255, 255, 255, 0); color: var(--body_typography-color); font-family: var(--body_typography-font-family); font-size: var(--body_typography-font-size); font-style: var(--body_typography-font-style,normal); font-weight: var(--body_typography-font-weight); letter-spacing: var(--body_typography-letter-spacing);\"> \u0111\u1ec3 xem ch\u00fang t\u00f4i \u0111\u00e3 g\u1eedi email cho b\u1ea1n ch\u01b0a.<\/span><\/p>\n<p>N\u1ebfu b\u1ea1n kh\u00f4ng nh\u1eadn \u0111\u01b0\u1ee3c ph\u1ea3n h\u1ed3i trong 2 ng\u00e0y l\u00e0m vi\u1ec7c, vui l\u00f2ng li\u00ean h\u1ec7 v\u1edbi ch\u00fang t\u00f4i t\u1ea1i <a href=\"mailto:enquiries@australmigrate.com\">enquiries@australmigrate.com<\/a> v\u00e0 ch\u00fang t\u00f4i s\u1ebd li\u00ean h\u1ec7 l\u1ea1i v\u1edbi b\u1ea1n s\u1edbm nh\u1ea5t c\u00f3 th\u1ec3.<\/p>\n<\/div><\/div><style type=\"text\/css\">.fusion-body .fusion-builder-column-1{width:50% !important;margin-top : 0px;margin-bottom : 0px;}.fusion-builder-column-1 > .fusion-column-wrapper {padding-top : 0px !important;padding-right : 0px !important;margin-right : 3.84%;padding-bottom : 0px !important;padding-left : 0px !important;margin-left : 3.84%;}@media only screen and (max-width:1024px) {.fusion-body .fusion-builder-column-1{width:100% !important;}.fusion-builder-column-1 > .fusion-column-wrapper {margin-right : 1.92%;margin-left : 1.92%;}}@media only screen and (max-width:640px) {.fusion-body .fusion-builder-column-1{width:100% !important;}.fusion-builder-column-1 > .fusion-column-wrapper {margin-right : 1.92%;margin-left : 1.92%;}}<\/style><\/div><\/div><style type=\"text\/css\">.fusion-body .fusion-flex-container.fusion-builder-row-1{ padding-top : 30px;margin-top : 0px;padding-right : 0px;padding-bottom : 0px;margin-bottom : 0px;padding-left : 0px;}<\/style><\/div>\n","protected":false},"excerpt":{"rendered":"","protected":false},"author":323,"featured_media":0,"parent":0,"menu_order":0,"comment_status":"closed","ping_status":"closed","template":"100-width.php","meta":{"footnotes":""},"class_list":["post-14382","page","type-page","status-publish","hentry"],"yoast_head":"<!-- This site is optimized with the Yoast SEO plugin v27.0 - https:\/\/yoast.com\/product\/yoast-seo-wordpress\/ -->\n<title>C\u1ea3m \u01a1n b\u1ea1n \u0111\u00e3 g\u1eedi b\u00e0i<\/title>\n<meta name=\"description\" content=\"Chuy\u00ean gia t\u01b0 v\u1ea5n c\u1ee7a b\u1ea1n s\u1ebd li\u00ean h\u1ec7 l\u1ea1i v\u1edbi b\u1ea1n c\u00e0ng s\u1edbm c\u00e0ng t\u1ed1t\" \/>\n<meta name=\"robots\" content=\"noindex, nofollow\" \/>\n<meta property=\"og:locale\" content=\"vi_VN\" \/>\n<meta property=\"og:type\" content=\"article\" \/>\n<meta property=\"og:title\" content=\"C\u1ea3m \u01a1n b\u1ea1n \u0111\u00e3 g\u1eedi b\u00e0i\" \/>\n<meta property=\"og:description\" content=\"Chuy\u00ean gia t\u01b0 v\u1ea5n c\u1ee7a b\u1ea1n s\u1ebd li\u00ean h\u1ec7 l\u1ea1i v\u1edbi b\u1ea1n c\u00e0ng s\u1edbm c\u00e0ng t\u1ed1t\" \/>\n<meta property=\"og:url\" content=\"https:\/\/australmigrate.com.vn\/vi\/cam-on-ban-opps\/\" \/>\n<meta property=\"og:site_name\" content=\"How To Migrate To Australia From Vietnam - Austral Migration Consultancy\" \/>\n<meta property=\"article:publisher\" content=\"https:\/\/www.facebook.com\/australmigrate\" \/>\n<meta property=\"article:modified_time\" content=\"2023-10-07T05:12:24+00:00\" \/>\n<meta property=\"og:image\" content=\"https:\/\/australmigrate.com.vn\/wp-content\/uploads\/2020\/01\/logo-white-background-border.jpg\" \/>\n\t<meta property=\"og:image:width\" content=\"450\" \/>\n\t<meta property=\"og:image:height\" content=\"208\" \/>\n\t<meta property=\"og:image:type\" content=\"image\/jpeg\" \/>\n<meta name=\"twitter:card\" content=\"summary_large_image\" \/>\n<meta name=\"twitter:label1\" content=\"Est. reading time\" \/>\n\t<meta name=\"twitter:data1\" content=\"2 minutes\" \/>\n<script type=\"application\/ld+json\" class=\"yoast-schema-graph\">{\"@context\":\"https:\/\/schema.org\",\"@graph\":[{\"@type\":\"WebPage\",\"@id\":\"https:\/\/australmigrate.com.vn\/vi\/cam-on-ban-opps\/\",\"url\":\"https:\/\/australmigrate.com.vn\/vi\/cam-on-ban-opps\/\",\"name\":\"C\u1ea3m \u01a1n b\u1ea1n \u0111\u00e3 g\u1eedi b\u00e0i\",\"isPartOf\":{\"@id\":\"https:\/\/australmigrate.com.vn\/vi\/#website\"},\"datePublished\":\"2020-10-30T08:01:55+00:00\",\"dateModified\":\"2023-10-07T05:12:24+00:00\",\"description\":\"Chuy\u00ean gia t\u01b0 v\u1ea5n c\u1ee7a b\u1ea1n s\u1ebd li\u00ean h\u1ec7 l\u1ea1i v\u1edbi b\u1ea1n c\u00e0ng s\u1edbm c\u00e0ng t\u1ed1t\",\"breadcrumb\":{\"@id\":\"https:\/\/australmigrate.com.vn\/vi\/cam-on-ban-opps\/#breadcrumb\"},\"inLanguage\":\"vi-VN\",\"potentialAction\":[{\"@type\":\"ReadAction\",\"target\":[\"https:\/\/australmigrate.com.vn\/vi\/cam-on-ban-opps\/\"]}]},{\"@type\":\"BreadcrumbList\",\"@id\":\"https:\/\/australmigrate.com.vn\/vi\/cam-on-ban-opps\/#breadcrumb\",\"itemListElement\":[{\"@type\":\"ListItem\",\"position\":1,\"name\":\"Home\",\"item\":\"https:\/\/australmigrate.com.vn\/vi\/\"},{\"@type\":\"ListItem\",\"position\":2,\"name\":\"C\u1ea3m \u01a1n b\u1ea1n (Opps)\"}]},{\"@type\":\"WebSite\",\"@id\":\"https:\/\/australmigrate.com.vn\/vi\/#website\",\"url\":\"https:\/\/australmigrate.com.vn\/vi\/\",\"name\":\"How To Migrate To Australia From Vietnam - Austral Migration Consultancy\",\"description\":\"\",\"potentialAction\":[{\"@type\":\"SearchAction\",\"target\":{\"@type\":\"EntryPoint\",\"urlTemplate\":\"https:\/\/australmigrate.com.vn\/vi\/?s={search_term_string}\"},\"query-input\":{\"@type\":\"PropertyValueSpecification\",\"valueRequired\":true,\"valueName\":\"search_term_string\"}}],\"inLanguage\":\"vi-VN\"}]}<\/script>\n<!-- \/ Yoast SEO plugin. -->","yoast_head_json":{"title":"C\u1ea3m \u01a1n b\u1ea1n \u0111\u00e3 g\u1eedi b\u00e0i","description":"Chuy\u00ean gia t\u01b0 v\u1ea5n c\u1ee7a b\u1ea1n s\u1ebd li\u00ean h\u1ec7 l\u1ea1i v\u1edbi b\u1ea1n c\u00e0ng s\u1edbm c\u00e0ng t\u1ed1t","robots":{"index":"noindex","follow":"nofollow"},"og_locale":"vi_VN","og_type":"article","og_title":"C\u1ea3m \u01a1n b\u1ea1n \u0111\u00e3 g\u1eedi b\u00e0i","og_description":"Chuy\u00ean gia t\u01b0 v\u1ea5n c\u1ee7a b\u1ea1n s\u1ebd li\u00ean h\u1ec7 l\u1ea1i v\u1edbi b\u1ea1n c\u00e0ng s\u1edbm c\u00e0ng t\u1ed1t","og_url":"https:\/\/australmigrate.com.vn\/vi\/cam-on-ban-opps\/","og_site_name":"How To Migrate To Australia From Vietnam - Austral Migration Consultancy","article_publisher":"https:\/\/www.facebook.com\/australmigrate","article_modified_time":"2023-10-07T05:12:24+00:00","og_image":[{"width":450,"height":208,"url":"https:\/\/australmigrate.com.vn\/wp-content\/uploads\/2020\/01\/logo-white-background-border.jpg","type":"image\/jpeg"}],"twitter_card":"summary_large_image","twitter_misc":{"Est. reading time":"2 minutes"},"schema":{"@context":"https:\/\/schema.org","@graph":[{"@type":"WebPage","@id":"https:\/\/australmigrate.com.vn\/vi\/cam-on-ban-opps\/","url":"https:\/\/australmigrate.com.vn\/vi\/cam-on-ban-opps\/","name":"C\u1ea3m \u01a1n b\u1ea1n \u0111\u00e3 g\u1eedi b\u00e0i","isPartOf":{"@id":"https:\/\/australmigrate.com.vn\/vi\/#website"},"datePublished":"2020-10-30T08:01:55+00:00","dateModified":"2023-10-07T05:12:24+00:00","description":"Chuy\u00ean gia t\u01b0 v\u1ea5n c\u1ee7a b\u1ea1n s\u1ebd li\u00ean h\u1ec7 l\u1ea1i v\u1edbi b\u1ea1n c\u00e0ng s\u1edbm c\u00e0ng t\u1ed1t","breadcrumb":{"@id":"https:\/\/australmigrate.com.vn\/vi\/cam-on-ban-opps\/#breadcrumb"},"inLanguage":"vi-VN","potentialAction":[{"@type":"ReadAction","target":["https:\/\/australmigrate.com.vn\/vi\/cam-on-ban-opps\/"]}]},{"@type":"BreadcrumbList","@id":"https:\/\/australmigrate.com.vn\/vi\/cam-on-ban-opps\/#breadcrumb","itemListElement":[{"@type":"ListItem","position":1,"name":"Home","item":"https:\/\/australmigrate.com.vn\/vi\/"},{"@type":"ListItem","position":2,"name":"C\u1ea3m \u01a1n b\u1ea1n (Opps)"}]},{"@type":"WebSite","@id":"https:\/\/australmigrate.com.vn\/vi\/#website","url":"https:\/\/australmigrate.com.vn\/vi\/","name":"How To Migrate To Australia From Vietnam - Austral Migration Consultancy","description":"","potentialAction":[{"@type":"SearchAction","target":{"@type":"EntryPoint","urlTemplate":"https:\/\/australmigrate.com.vn\/vi\/?s={search_term_string}"},"query-input":{"@type":"PropertyValueSpecification","valueRequired":true,"valueName":"search_term_string"}}],"inLanguage":"vi-VN"}]}},"_links":{"self":[{"href":"https:\/\/australmigrate.com.vn\/vi\/wp-json\/wp\/v2\/pages\/14382","targetHints":{"allow":["GET"]}}],"collection":[{"href":"https:\/\/australmigrate.com.vn\/vi\/wp-json\/wp\/v2\/pages"}],"about":[{"href":"https:\/\/australmigrate.com.vn\/vi\/wp-json\/wp\/v2\/types\/page"}],"author":[{"embeddable":true,"href":"https:\/\/australmigrate.com.vn\/vi\/wp-json\/wp\/v2\/users\/323"}],"replies":[{"embeddable":true,"href":"https:\/\/australmigrate.com.vn\/vi\/wp-json\/wp\/v2\/comments?post=14382"}],"version-history":[{"count":2,"href":"https:\/\/australmigrate.com.vn\/vi\/wp-json\/wp\/v2\/pages\/14382\/revisions"}],"predecessor-version":[{"id":14385,"href":"https:\/\/australmigrate.com.vn\/vi\/wp-json\/wp\/v2\/pages\/14382\/revisions\/14385"}],"wp:attachment":[{"href":"https:\/\/australmigrate.com.vn\/vi\/wp-json\/wp\/v2\/media?parent=14382"}],"curies":[{"name":"wp","href":"https:\/\/api.w.org\/{rel}","templated":true}]}}