{"id":14389,"date":"2017-05-29T18:45:18","date_gmt":"2017-05-29T10:45:18","guid":{"rendered":"https:\/\/australmigrate.com.vn\/bat-dau-den-austral-migration-consultancy-pavilion-kl\/"},"modified":"2023-10-07T13:12:29","modified_gmt":"2023-10-07T05:12:29","slug":"bat-dau-den-austral-migration-consultancy-pavilion-kl","status":"publish","type":"page","link":"https:\/\/australmigrate.com.vn\/vi\/lien-he-voi-chung-toi\/bat-dau-den-austral-migration-consultancy-pavilion-kl\/","title":{"rendered":"B\u1eaft \u0111\u1ea7u \u0111\u1ebfn Austral Migration Consultancy Pavilion KL"},"content":{"rendered":"<div class=\"fusion-fullwidth fullwidth-box fusion-builder-row-1 fusion-flex-container nonhundred-percent-fullwidth non-hundred-percent-height-scrolling\" style=\"background-color: rgba(255,255,255,0);background-position: left top;background-repeat: no-repeat;border-width: 0px 0px 0px 0px;border-color:#eae9e9;border-style:solid;\" ><div class=\"fusion-builder-row fusion-row fusion-flex-align-items-flex-start\" style=\"max-width:1144px;margin-left: calc(-4% \/ 2 );margin-right: calc(-4% \/ 2 );\"><div class=\"fusion-layout-column fusion_builder_column fusion-builder-column-0 fusion_builder_column_1_2 1_2 fusion-flex-column\"><div class=\"fusion-column-wrapper fusion-flex-justify-content-flex-start fusion-content-layout-column\" style=\"background-position:left top;background-repeat:no-repeat;-webkit-background-size:cover;-moz-background-size:cover;-o-background-size:cover;background-size:cover;padding: 0px 0px 0px 0px;\"><iframe src=\"https:\/\/www.google.com\/maps\/embed?pb=!1m18!1m12!1m3!1d3983.7944464494003!2d101.71119471532724!3d3.148862254031142!2m3!1f0!2f0!3f0!3m2!1i1024!2i768!4f13.1!3m3!1m2!1s0x31cc362c88310c25:0x573529997b63887c!2sAustral+Migration+Consultancy!5e0!3m2!1sen!2ssg!4v1540460865974\" width=\"100%\" height=\"300\" frameborder=\"0\" style=\"border:0\" allowfullscreen=\"\"><\/iframe><\/div><style type=\"text\/css\">.fusion-body .fusion-builder-column-0{width:50% !important;margin-top : 0px;margin-bottom : 20px;}.fusion-builder-column-0 > .fusion-column-wrapper {padding-top : 0px !important;padding-right : 0px !important;margin-right : 3.84%;padding-bottom : 0px !important;padding-left : 0px !important;margin-left : 3.84%;}@media only screen and (max-width:1024px) {.fusion-body .fusion-builder-column-0{width:100% !important;}.fusion-builder-column-0 > .fusion-column-wrapper {margin-right : 1.92%;margin-left : 1.92%;}}@media only screen and (max-width:640px) {.fusion-body .fusion-builder-column-0{width:100% !important;}.fusion-builder-column-0 > .fusion-column-wrapper {margin-right : 1.92%;margin-left : 1.92%;}}<\/style><\/div><div class=\"fusion-layout-column fusion_builder_column fusion-builder-column-1 fusion_builder_column_1_2 1_2 fusion-flex-column\"><div class=\"fusion-column-wrapper fusion-flex-justify-content-flex-start fusion-content-layout-column\" style=\"background-position:left top;background-repeat:no-repeat;-webkit-background-size:cover;-moz-background-size:cover;-o-background-size:cover;background-size:cover;padding: 0px 0px 0px 0px;\"><div class=\"fusion-text fusion-text-1\"><p><span style=\"font-weight: 400;\">\u0110\u1ec3 \u0111\u1ebfn v\u0103n ph\u00f2ng c\u1ee7a ch\u00fang t\u00f4i t\u1ea1i Pavilion Office Tower, Kuala Lumpur, vui l\u00f2ng th\u1ef1c hi\u1ec7n theo c\u00e1c h\u01b0\u1edbng d\u1eabn d\u01b0\u1edbi \u0111\u00e2y.<\/span><\/p>\n<p><span style=\"font-weight: 400;\"><strong>\u0110\u1ecba ch\u1ec9:<\/strong> L\u00f4 9.08.00, T\u1ea7ng 9, Pavilion Kuala Lumpur, (Kh\u1ed1i v\u0103n ph\u00f2ng b\u00e1n l\u1ebb), S\u1ed1 168, Jalan Bukit Bintang, 55100, Kuala Lumpur, Malaysia<\/span><\/p>\n<p><strong>\u0110i\u1ec7n tho\u1ea1i:<\/strong> +603-2110 2219<\/p>\n<p><strong>Gi\u1edd m\u1edf c\u1eeda: <\/strong>9am \u2013 6pm (Th\u1ee9 Ba \u2013 Th\u1ee9 B\u1ea3y)<\/p>\n<ul>\n<li style=\"font-weight: 400;\"><span style=\"font-weight: 400;\">T\u00ecm \u0111\u01b0\u1eddng \u0111\u1ebfn trung t\u00e2m mua s\u1eafm Pavilion tr\u00ean Jalan Bukit Bintang<\/span><\/li>\n<li style=\"font-weight: 400;\">B\u1ea1n c\u00f3 th\u1ec3 \u0111\u1ed7 xe trong b\u00e3i \u0111\u1eadu xe Pavilion \u0111\u1ec3 thu\u1eadn ti\u1ec7n cho b\u1ea1n<\/li>\n<li style=\"font-weight: 400;\"><span style=\"font-weight: 400;\">N\u1ebfu b\u1ea1n \u0111ang s\u1eed d\u1ee5ng ph\u01b0\u01a1ng ti\u1ec7n giao th\u00f4ng c\u00f4ng c\u1ed9ng, tr\u1ea1m d\u1eebng monorail g\u1ea7n nh\u1ea5t l\u00e0 Bukit Bintang ho\u1eb7c c\u00e1ch kh\u00e1c, b\u1ea1n c\u00f3 th\u1ec3 \u0111i LRT \/ MRT \u0111\u1ebfn KLCC v\u00e0 \u0111i b\u1ed9 \u0111\u1ebfn Pavilion qua \u0111\u01b0\u1eddng \u0111i b\u1ed9 c\u00f3 m\u00e1i che (cho ph\u00e9p 10-15 ph\u00fat \u0111i b\u1ed9 cho ph\u01b0\u01a1ng ph\u00e1p th\u1ee9 hai n\u00e0y)  <\/span><\/li>\n<li style=\"font-weight: 400;\"><span style=\"font-weight: 400;\">L\u1ed1i v\u00e0o t\u00f2a th\u00e1p v\u0103n ph\u00f2ng n\u1eb1m c\u1ea1nh Zara tr\u00ean t\u1ea7ng 2 c\u1ee7a trung t\u00e2m th\u01b0\u01a1ng m\u1ea1i<\/span><\/li>\n<\/ul>\n<\/div><\/div><style type=\"text\/css\">.fusion-body .fusion-builder-column-1{width:50% !important;margin-top : 0px;margin-bottom : 20px;}.fusion-builder-column-1 > .fusion-column-wrapper {padding-top : 0px !important;padding-right : 0px !important;margin-right : 3.84%;padding-bottom : 0px !important;padding-left : 0px !important;margin-left : 3.84%;}@media only screen and (max-width:1024px) {.fusion-body .fusion-builder-column-1{width:100% !important;}.fusion-builder-column-1 > .fusion-column-wrapper {margin-right : 1.92%;margin-left : 1.92%;}}@media only screen and (max-width:640px) {.fusion-body .fusion-builder-column-1{width:100% !important;}.fusion-builder-column-1 > .fusion-column-wrapper {margin-right : 1.92%;margin-left : 1.92%;}}<\/style><\/div><\/div><style type=\"text\/css\">.fusion-body .fusion-flex-container.fusion-builder-row-1{ padding-top : 20px;margin-top : 0px;padding-right : 0px;padding-bottom : 20px;margin-bottom : 0px;padding-left : 0px;}<\/style><\/div>\n","protected":false},"excerpt":{"rendered":"","protected":false},"author":323,"featured_media":0,"parent":14426,"menu_order":0,"comment_status":"closed","ping_status":"closed","template":"","meta":{"footnotes":""},"class_list":["post-14389","page","type-page","status-publish","hentry"],"yoast_head":"<!-- This site is optimized with the Yoast SEO plugin v27.0 - https:\/\/yoast.com\/product\/yoast-seo-wordpress\/ -->\n<title>T\u00f2a nh\u00e0 v\u0103n ph\u00f2ng Pavilion - V\u0103n ph\u00f2ng Kuala Lumpur<\/title>\n<meta name=\"description\" content=\"\u0110\u1ec3 \u0111\u1ebfn v\u0103n ph\u00f2ng c\u1ee7a ch\u00fang t\u00f4i t\u1ea1i Pavilion Office Tower, Kuala Lumpur, vui l\u00f2ng l\u00e0m theo h\u01b0\u1edbng d\u1eabn tr\u00ean trang n\u00e0y. L\u00f4 9.08.00, T\u1ea7ng 9, Pavilion Kuala Lumpur, (Kh\u1ed1i v\u0103n ph\u00f2ng b\u00e1n l\u1ebb), S\u1ed1 168, Jalan Bukit Bintang, 55100, Kuala Lumpur, Malaysia.\" \/>\n<meta name=\"robots\" content=\"index, follow, max-snippet:-1, max-image-preview:large, max-video-preview:-1\" \/>\n<link rel=\"canonical\" href=\"https:\/\/australmigrate.com.vn\/vi\/lien-he-voi-chung-toi\/bat-dau-den-austral-migration-consultancy-pavilion-kl\/\" \/>\n<meta property=\"og:locale\" content=\"vi_VN\" \/>\n<meta property=\"og:type\" content=\"article\" \/>\n<meta property=\"og:title\" content=\"T\u00f2a nh\u00e0 v\u0103n ph\u00f2ng Pavilion - V\u0103n ph\u00f2ng Kuala Lumpur\" \/>\n<meta property=\"og:description\" content=\"\u0110\u1ec3 \u0111\u1ebfn v\u0103n ph\u00f2ng c\u1ee7a ch\u00fang t\u00f4i t\u1ea1i Pavilion Office Tower, Kuala Lumpur, vui l\u00f2ng l\u00e0m theo h\u01b0\u1edbng d\u1eabn tr\u00ean trang n\u00e0y. L\u00f4 9.08.00, T\u1ea7ng 9, Pavilion Kuala Lumpur, (Kh\u1ed1i v\u0103n ph\u00f2ng b\u00e1n l\u1ebb), S\u1ed1 168, Jalan Bukit Bintang, 55100, Kuala Lumpur, Malaysia.\" \/>\n<meta property=\"og:url\" content=\"https:\/\/australmigrate.com.vn\/vi\/lien-he-voi-chung-toi\/bat-dau-den-austral-migration-consultancy-pavilion-kl\/\" \/>\n<meta property=\"og:site_name\" content=\"How To Migrate To Australia From Vietnam - Austral Migration Consultancy\" \/>\n<meta property=\"article:publisher\" content=\"https:\/\/www.facebook.com\/australmigrate\" \/>\n<meta property=\"article:modified_time\" content=\"2023-10-07T05:12:29+00:00\" \/>\n<meta property=\"og:image\" content=\"https:\/\/australmigrate.com.vn\/wp-content\/uploads\/2020\/01\/logo-white-background-border.jpg\" \/>\n\t<meta property=\"og:image:width\" content=\"450\" \/>\n\t<meta property=\"og:image:height\" content=\"208\" \/>\n\t<meta property=\"og:image:type\" content=\"image\/jpeg\" \/>\n<meta name=\"twitter:card\" content=\"summary_large_image\" \/>\n<meta name=\"twitter:label1\" content=\"Est. reading time\" \/>\n\t<meta name=\"twitter:data1\" content=\"2 minutes\" \/>\n<script type=\"application\/ld+json\" class=\"yoast-schema-graph\">{\"@context\":\"https:\/\/schema.org\",\"@graph\":[{\"@type\":\"WebPage\",\"@id\":\"https:\/\/australmigrate.com.vn\/vi\/lien-he-voi-chung-toi\/bat-dau-den-austral-migration-consultancy-pavilion-kl\/\",\"url\":\"https:\/\/australmigrate.com.vn\/vi\/lien-he-voi-chung-toi\/bat-dau-den-austral-migration-consultancy-pavilion-kl\/\",\"name\":\"T\u00f2a nh\u00e0 v\u0103n ph\u00f2ng Pavilion - V\u0103n ph\u00f2ng Kuala Lumpur\",\"isPartOf\":{\"@id\":\"https:\/\/australmigrate.com.vn\/vi\/#website\"},\"datePublished\":\"2017-05-29T10:45:18+00:00\",\"dateModified\":\"2023-10-07T05:12:29+00:00\",\"description\":\"\u0110\u1ec3 \u0111\u1ebfn v\u0103n ph\u00f2ng c\u1ee7a ch\u00fang t\u00f4i t\u1ea1i Pavilion Office Tower, Kuala Lumpur, vui l\u00f2ng l\u00e0m theo h\u01b0\u1edbng d\u1eabn tr\u00ean trang n\u00e0y. L\u00f4 9.08.00, T\u1ea7ng 9, Pavilion Kuala Lumpur, (Kh\u1ed1i v\u0103n ph\u00f2ng b\u00e1n l\u1ebb), S\u1ed1 168, Jalan Bukit Bintang, 55100, Kuala Lumpur, Malaysia.\",\"breadcrumb\":{\"@id\":\"https:\/\/australmigrate.com.vn\/vi\/lien-he-voi-chung-toi\/bat-dau-den-austral-migration-consultancy-pavilion-kl\/#breadcrumb\"},\"inLanguage\":\"vi-VN\",\"potentialAction\":[{\"@type\":\"ReadAction\",\"target\":[\"https:\/\/australmigrate.com.vn\/vi\/lien-he-voi-chung-toi\/bat-dau-den-austral-migration-consultancy-pavilion-kl\/\"]}]},{\"@type\":\"BreadcrumbList\",\"@id\":\"https:\/\/australmigrate.com.vn\/vi\/lien-he-voi-chung-toi\/bat-dau-den-austral-migration-consultancy-pavilion-kl\/#breadcrumb\",\"itemListElement\":[{\"@type\":\"ListItem\",\"position\":1,\"name\":\"Home\",\"item\":\"https:\/\/australmigrate.com.vn\/vi\/\"},{\"@type\":\"ListItem\",\"position\":2,\"name\":\"B\u1eaft \u0111\u1ea7u \u0111\u1ebfn Austral Migration Consultancy Pavilion KL\"}]},{\"@type\":\"WebSite\",\"@id\":\"https:\/\/australmigrate.com.vn\/vi\/#website\",\"url\":\"https:\/\/australmigrate.com.vn\/vi\/\",\"name\":\"How To Migrate To Australia From Vietnam - Austral Migration Consultancy\",\"description\":\"\",\"potentialAction\":[{\"@type\":\"SearchAction\",\"target\":{\"@type\":\"EntryPoint\",\"urlTemplate\":\"https:\/\/australmigrate.com.vn\/vi\/?s={search_term_string}\"},\"query-input\":{\"@type\":\"PropertyValueSpecification\",\"valueRequired\":true,\"valueName\":\"search_term_string\"}}],\"inLanguage\":\"vi-VN\"}]}<\/script>\n<!-- \/ Yoast SEO plugin. -->","yoast_head_json":{"title":"T\u00f2a nh\u00e0 v\u0103n ph\u00f2ng Pavilion - V\u0103n ph\u00f2ng Kuala Lumpur","description":"\u0110\u1ec3 \u0111\u1ebfn v\u0103n ph\u00f2ng c\u1ee7a ch\u00fang t\u00f4i t\u1ea1i Pavilion Office Tower, Kuala Lumpur, vui l\u00f2ng l\u00e0m theo h\u01b0\u1edbng d\u1eabn tr\u00ean trang n\u00e0y. L\u00f4 9.08.00, T\u1ea7ng 9, Pavilion Kuala Lumpur, (Kh\u1ed1i v\u0103n ph\u00f2ng b\u00e1n l\u1ebb), S\u1ed1 168, Jalan Bukit Bintang, 55100, Kuala Lumpur, Malaysia.","robots":{"index":"index","follow":"follow","max-snippet":"max-snippet:-1","max-image-preview":"max-image-preview:large","max-video-preview":"max-video-preview:-1"},"canonical":"https:\/\/australmigrate.com.vn\/vi\/lien-he-voi-chung-toi\/bat-dau-den-austral-migration-consultancy-pavilion-kl\/","og_locale":"vi_VN","og_type":"article","og_title":"T\u00f2a nh\u00e0 v\u0103n ph\u00f2ng Pavilion - V\u0103n ph\u00f2ng Kuala Lumpur","og_description":"\u0110\u1ec3 \u0111\u1ebfn v\u0103n ph\u00f2ng c\u1ee7a ch\u00fang t\u00f4i t\u1ea1i Pavilion Office Tower, Kuala Lumpur, vui l\u00f2ng l\u00e0m theo h\u01b0\u1edbng d\u1eabn tr\u00ean trang n\u00e0y. L\u00f4 9.08.00, T\u1ea7ng 9, Pavilion Kuala Lumpur, (Kh\u1ed1i v\u0103n ph\u00f2ng b\u00e1n l\u1ebb), S\u1ed1 168, Jalan Bukit Bintang, 55100, Kuala Lumpur, Malaysia.","og_url":"https:\/\/australmigrate.com.vn\/vi\/lien-he-voi-chung-toi\/bat-dau-den-austral-migration-consultancy-pavilion-kl\/","og_site_name":"How To Migrate To Australia From Vietnam - Austral Migration Consultancy","article_publisher":"https:\/\/www.facebook.com\/australmigrate","article_modified_time":"2023-10-07T05:12:29+00:00","og_image":[{"width":450,"height":208,"url":"https:\/\/australmigrate.com.vn\/wp-content\/uploads\/2020\/01\/logo-white-background-border.jpg","type":"image\/jpeg"}],"twitter_card":"summary_large_image","twitter_misc":{"Est. reading time":"2 minutes"},"schema":{"@context":"https:\/\/schema.org","@graph":[{"@type":"WebPage","@id":"https:\/\/australmigrate.com.vn\/vi\/lien-he-voi-chung-toi\/bat-dau-den-austral-migration-consultancy-pavilion-kl\/","url":"https:\/\/australmigrate.com.vn\/vi\/lien-he-voi-chung-toi\/bat-dau-den-austral-migration-consultancy-pavilion-kl\/","name":"T\u00f2a nh\u00e0 v\u0103n ph\u00f2ng Pavilion - V\u0103n ph\u00f2ng Kuala Lumpur","isPartOf":{"@id":"https:\/\/australmigrate.com.vn\/vi\/#website"},"datePublished":"2017-05-29T10:45:18+00:00","dateModified":"2023-10-07T05:12:29+00:00","description":"\u0110\u1ec3 \u0111\u1ebfn v\u0103n ph\u00f2ng c\u1ee7a ch\u00fang t\u00f4i t\u1ea1i Pavilion Office Tower, Kuala Lumpur, vui l\u00f2ng l\u00e0m theo h\u01b0\u1edbng d\u1eabn tr\u00ean trang n\u00e0y. L\u00f4 9.08.00, T\u1ea7ng 9, Pavilion Kuala Lumpur, (Kh\u1ed1i v\u0103n ph\u00f2ng b\u00e1n l\u1ebb), S\u1ed1 168, Jalan Bukit Bintang, 55100, Kuala Lumpur, Malaysia.","breadcrumb":{"@id":"https:\/\/australmigrate.com.vn\/vi\/lien-he-voi-chung-toi\/bat-dau-den-austral-migration-consultancy-pavilion-kl\/#breadcrumb"},"inLanguage":"vi-VN","potentialAction":[{"@type":"ReadAction","target":["https:\/\/australmigrate.com.vn\/vi\/lien-he-voi-chung-toi\/bat-dau-den-austral-migration-consultancy-pavilion-kl\/"]}]},{"@type":"BreadcrumbList","@id":"https:\/\/australmigrate.com.vn\/vi\/lien-he-voi-chung-toi\/bat-dau-den-austral-migration-consultancy-pavilion-kl\/#breadcrumb","itemListElement":[{"@type":"ListItem","position":1,"name":"Home","item":"https:\/\/australmigrate.com.vn\/vi\/"},{"@type":"ListItem","position":2,"name":"B\u1eaft \u0111\u1ea7u \u0111\u1ebfn Austral Migration Consultancy Pavilion KL"}]},{"@type":"WebSite","@id":"https:\/\/australmigrate.com.vn\/vi\/#website","url":"https:\/\/australmigrate.com.vn\/vi\/","name":"How To Migrate To Australia From Vietnam - Austral Migration Consultancy","description":"","potentialAction":[{"@type":"SearchAction","target":{"@type":"EntryPoint","urlTemplate":"https:\/\/australmigrate.com.vn\/vi\/?s={search_term_string}"},"query-input":{"@type":"PropertyValueSpecification","valueRequired":true,"valueName":"search_term_string"}}],"inLanguage":"vi-VN"}]}},"_links":{"self":[{"href":"https:\/\/australmigrate.com.vn\/vi\/wp-json\/wp\/v2\/pages\/14389","targetHints":{"allow":["GET"]}}],"collection":[{"href":"https:\/\/australmigrate.com.vn\/vi\/wp-json\/wp\/v2\/pages"}],"about":[{"href":"https:\/\/australmigrate.com.vn\/vi\/wp-json\/wp\/v2\/types\/page"}],"author":[{"embeddable":true,"href":"https:\/\/australmigrate.com.vn\/vi\/wp-json\/wp\/v2\/users\/323"}],"replies":[{"embeddable":true,"href":"https:\/\/australmigrate.com.vn\/vi\/wp-json\/wp\/v2\/comments?post=14389"}],"version-history":[{"count":2,"href":"https:\/\/australmigrate.com.vn\/vi\/wp-json\/wp\/v2\/pages\/14389\/revisions"}],"predecessor-version":[{"id":14395,"href":"https:\/\/australmigrate.com.vn\/vi\/wp-json\/wp\/v2\/pages\/14389\/revisions\/14395"}],"up":[{"embeddable":true,"href":"https:\/\/australmigrate.com.vn\/vi\/wp-json\/wp\/v2\/pages\/14426"}],"wp:attachment":[{"href":"https:\/\/australmigrate.com.vn\/vi\/wp-json\/wp\/v2\/media?parent=14389"}],"curies":[{"name":"wp","href":"https:\/\/api.w.org\/{rel}","templated":true}]}}