{"id":14422,"date":"2013-09-23T03:47:56","date_gmt":"2013-09-22T19:47:56","guid":{"rendered":"https:\/\/australmigrate.com.vn\/dieu-khoan-va-dieu-kien\/"},"modified":"2013-09-23T03:47:56","modified_gmt":"2013-09-22T19:47:56","slug":"dieu-khoan-va-dieu-kien","status":"publish","type":"page","link":"https:\/\/australmigrate.com.vn\/vi\/dieu-khoan-va-dieu-kien\/","title":{"rendered":"\u0110i\u1ec1u kho\u1ea3n v\u00e0 \u0111i\u1ec1u ki\u1ec7n"},"content":{"rendered":"<p>Ch\u00e0o m\u1eebng b\u1ea1n \u0111\u1ebfn v\u1edbi trang web c\u1ee7a ch\u00fang t\u00f4i. \u0110\u00e2y l\u00e0 c\u00e1c \u0110i\u1ec1u kho\u1ea3n &amp;; \u0110i\u1ec1u ki\u1ec7n c\u1ee7a ch\u00fang t\u00f4i \u0111\u1ec3 s\u1eed d\u1ee5ng Trang web m\u00e0 b\u1ea1n c\u00f3 th\u1ec3 truy c\u1eadp theo nhi\u1ec1u c\u00e1ch, bao g\u1ed3m nh\u01b0ng kh\u00f4ng gi\u1edbi h\u1ea1n \u1edf web, m\u00e1y t\u00ednh b\u1ea3ng v\u00e0 \u0111i\u1ec7n tho\u1ea1i di \u0111\u1ed9ng. C\u00e1c \u0110i\u1ec1u kho\u1ea3n &amp;\u0110i\u1ec1u ki\u1ec7n n\u00e0y \u00e1p d\u1ee5ng b\u1ea5t c\u1ee9 khi n\u00e0o b\u1ea1n truy c\u1eadp Trang web, b\u1ea5t k\u1ec3 b\u1ea1n truy c\u1eadp Trang web nh\u01b0 th\u1ebf n\u00e0o.<\/p>\n<p><b>S\u1eed d\u1ee5ng trang web n\u00e0y<\/b><\/p>\n<p>Austral Migration Consultancy (Austral) l\u00e0 ch\u1ee7 s\u1edf h\u1eefu v\u00e0 \u0111i\u1ec1u h\u00e0nh trang web n\u00e0y. Ng\u01b0\u1eddi d\u00f9ng c\u1ee7a Trang web n\u00e0y (Ng\u01b0\u1eddi d\u00f9ng) \u0111\u1ed3ng \u00fd b\u1ecb r\u00e0ng bu\u1ed9c b\u1edfi c\u00e1c \u0110i\u1ec1u kho\u1ea3n &amp;\u0110i\u1ec1u ki\u1ec7n n\u00e0y, c\u00f3 th\u1ec3 thay \u0111\u1ed5i theo quy\u1ebft \u0111\u1ecbnh ri\u00eang c\u1ee7a Austral. Vi\u1ec7c b\u1ea1n s\u1eed d\u1ee5ng v\u00e0 truy c\u1eadp v\u00e0o Trang web n\u00e0y cho th\u1ea5y b\u1ea1n ch\u1ea5p nh\u1eadn c\u00e1c \u0110i\u1ec1u kho\u1ea3n &amp;; \u0110i\u1ec1u ki\u1ec7n n\u00e0y, v\u00ec ch\u00fang t\u1ed3n t\u1ea1i t\u1ea1i th\u1eddi \u0111i\u1ec3m \u0111\u00f3.<\/p>\n<p><b>S\u1edf h\u1eefu tr\u00ed tu\u1ec7<\/b><\/p>\n<p>T\u1ea5t c\u1ea3 t\u00e0i s\u1ea3n tr\u00ed tu\u1ec7 li\u00ean quan \u0111\u1ebfn n\u1ed9i dung tr\u00ean Trang web n\u00e0y thu\u1ed9c v\u1ec1 Austral ho\u1eb7c c\u00e1c chi nh\u00e1nh. B\u1ea1n kh\u00f4ng c\u00f3 \u0111\u01b0\u1ee3c l\u1ee3i \u00edch trong t\u00e0i s\u1ea3n tr\u00ed tu\u1ec7 \u0111\u00f3. T\u1ea5t c\u1ea3 n\u1ed9i dung tr\u00ean Trang web n\u00e0y \u0111\u01b0\u1ee3c b\u1ea3o v\u1ec7 b\u1edfi lu\u1eadt b\u1ea3n quy\u1ec1n c\u1ee7a \u00dac v\u00e0 qu\u1ed1c t\u1ebf v\u00e0 c\u00e1c lu\u1eadt s\u1edf h\u1eefu tr\u00ed tu\u1ec7 kh\u00e1c. B\u1ea1n kh\u00f4ng \u0111\u01b0\u1ee3c l\u00e0m b\u1ea5t c\u1ee9 \u0111i\u1ec1u g\u00ec can thi\u1ec7p ho\u1eb7c vi ph\u1ea1m c\u00e1c lu\u1eadt \u0111\u00f3 ho\u1eb7c quy\u1ec1n s\u1edf h\u1eefu tr\u00ed tu\u1ec7 trong n\u1ed9i dung.<\/p>\n<p>B\u1ea1n c\u00f3 th\u1ec3 t\u1ea3i xu\u1ed1ng v\u00e0 xem n\u1ed9i dung ho\u1eb7c in m\u1ed9t b\u1ea3n sao t\u00e0i li\u1ec7u tr\u00ean Trang web n\u00e0y cho m\u1ee5c \u0111\u00edch s\u1eed d\u1ee5ng c\u00e1 nh\u00e2n, phi th\u01b0\u01a1ng m\u1ea1i mi\u1ec5n l\u00e0 b\u1ea1n kh\u00f4ng s\u1eeda \u0111\u1ed5i n\u1ed9i dung theo b\u1ea5t k\u1ef3 c\u00e1ch n\u00e0o (bao g\u1ed3m b\u1ea5t k\u1ef3 th\u00f4ng b\u00e1o b\u1ea3n quy\u1ec1n n\u00e0o). T\u1ea5t c\u1ea3 c\u00e1c quy\u1ec1n kh\u00f4ng \u0111\u01b0\u1ee3c c\u1ea5p r\u00f5 r\u00e0ng theo c\u00e1c \u0111i\u1ec1u kho\u1ea3n s\u1eed d\u1ee5ng n\u00e0y \u0111\u1ec1u \u0111\u01b0\u1ee3c b\u1ea3o l\u01b0u b\u1edfi Austral.<\/p>\n<p>Tr\u1eeb khi c\u00f3 quy \u0111\u1ecbnh r\u00f5 r\u00e0ng kh\u00e1c, b\u1ea1n kh\u00f4ng \u0111\u01b0\u1ee3c ph\u00e9p sao ch\u00e9p ho\u1eb7c xu\u1ea5t b\u1ea3n l\u1ea1i b\u1ea5t k\u1ef3 th\u1ee9 g\u00ec b\u1ea1n t\u00ecm th\u1ea5y tr\u00ean Trang web m\u00e0 kh\u00f4ng c\u00f3 s\u1ef1 cho ph\u00e9p c\u1ee7a ch\u1ee7 s\u1edf h\u1eefu b\u1ea3n quy\u1ec1n ho\u1eb7c nh\u00e3n hi\u1ec7u.<\/p>\n<p>C\u00e1c logo c\u1ee7a Trang web v\u00e0 c\u1ee7a blog l\u00e0 nh\u00e3n hi\u1ec7u c\u1ee7a Austral ho\u1eb7c c\u00e1c c\u01a1 quan li\u00ean quan c\u1ee7a c\u00f4ng ty. C\u00e1c nh\u00e3n hi\u1ec7u kh\u00e1c c\u00f3 th\u1ec3 \u0111\u01b0\u1ee3c hi\u1ec3n th\u1ecb tr\u00ean Trang web theo th\u1eddi gian. Ch\u00fang c\u00f3 th\u1ec3 thu\u1ed9c v\u1ec1 b\u00ean th\u1ee9 ba. Kh\u00f4ng c\u00f3 g\u00ec \u0111\u01b0\u1ee3c hi\u1ec3n th\u1ecb tr\u00ean Trang web n\u00ean \u0111\u01b0\u1ee3c hi\u1ec3u l\u00e0 c\u1ea5p b\u1ea5t k\u1ef3 gi\u1ea5y ph\u00e9p ho\u1eb7c quy\u1ec1n s\u1eed d\u1ee5ng b\u1ea5t k\u1ef3 logo, nh\u00e3n hi\u1ec7u ho\u1eb7c ti\u00eau \u0111\u1ec1 n\u00e0o \u0111\u01b0\u1ee3c hi\u1ec3n th\u1ecb tr\u00ean Trang web m\u00e0 kh\u00f4ng c\u00f3 s\u1ef1 cho ph\u00e9p r\u00f5 r\u00e0ng b\u1eb1ng v\u0103n b\u1ea3n c\u1ee7a ch\u1ee7 s\u1edf h\u1eefu c\u00f3 li\u00ean quan.<\/p>\n<p><b>Tr\u00e1ch nhi\u1ec7m ph\u00e1p l\u00fd &amp;; B\u1ed3i th\u01b0\u1eddng<\/b><\/p>\n<p>Austral kh\u00f4ng lo\u1ea1i tr\u1eeb b\u1ea5t k\u1ef3 quy\u1ec1n v\u00e0 bi\u1ec7n ph\u00e1p kh\u1eafc ph\u1ee5c n\u00e0o \u0111\u1ed1i v\u1edbi h\u00e0ng h\u00f3a ho\u1eb7c d\u1ecbch v\u1ee5 theo \u0110\u1ea1o lu\u1eadt C\u1ea1nh tranh v\u00e0 Ng\u01b0\u1eddi ti\u00eau d\u00f9ng 2010 (Cth) ho\u1eb7c lu\u1eadt t\u01b0\u01a1ng \u0111\u01b0\u01a1ng c\u1ee7a Ti\u1ec3u bang ho\u1eb7c L\u00e3nh th\u1ed5 kh\u00f4ng th\u1ec3 lo\u1ea1i tr\u1eeb, h\u1ea1n ch\u1ebf ho\u1eb7c s\u1eeda \u0111\u1ed5i. Tuy nhi\u00ean, Austral lo\u1ea1i tr\u1eeb t\u1ea5t c\u1ea3 c\u00e1c quy\u1ec1n, bi\u1ec7n ph\u00e1p kh\u1eafc ph\u1ee5c, b\u1ea3o \u0111\u1ea3m, \u0111i\u1ec1u ki\u1ec7n v\u00e0 b\u1ea3o \u0111\u1ea3m \u0111\u1ed1i v\u1edbi h\u00e0ng h\u00f3a ho\u1eb7c d\u1ecbch v\u1ee5 t\u1eeb vi\u1ec7c b\u1ea1n s\u1eed d\u1ee5ng Trang web cho d\u00f9 d\u1ef1a tr\u00ean quy ch\u1ebf, th\u00f4ng lu\u1eadt hay trong ph\u1ea1m vi ph\u00e1p lu\u1eadt cho ph\u00e9p. Trong ph\u1ea1m vi t\u1ed1i \u0111a c\u00f3 th\u1ec3:<\/p>\n<p>(a) Austral kh\u00f4ng \u0111\u1ea3m b\u1ea3o t\u00ednh ch\u00ednh x\u00e1c c\u1ee7a n\u1ed9i dung tr\u00ean Trang web. N\u1ed9i dung \u0111\u01b0\u1ee3c cung c\u1ea5p cho b\u1ea1n &#8220;nguy\u00ean tr\u1ea1ng&#8221; v\u00e0 tr\u00ean c\u01a1 s\u1edf &#8220;c\u00f3 s\u1eb5n&#8221; v\u00e0 v\u1edbi \u0111i\u1ec1u ki\u1ec7n b\u1ea1n ch\u1ecbu m\u1ecdi tr\u00e1ch nhi\u1ec7m \u0111\u00e1nh gi\u00e1 t\u00ednh ch\u00ednh x\u00e1c c\u1ee7a n\u1ed9i dung v\u00e0 t\u1ef1 ch\u1ecbu r\u1ee7i ro khi d\u1ef1a v\u00e0o n\u1ed9i dung \u0111\u00f3. T\u1ea5t c\u1ea3 n\u1ed9i dung tr\u00ean Trang web c\u00f3 th\u1ec3 \u0111\u01b0\u1ee3c thay \u0111\u1ed5i theo quy\u1ebft \u0111\u1ecbnh ri\u00eang c\u1ee7a News v\u00e0 kh\u00f4ng c\u1ea7n th\u00f4ng b\u00e1o.<\/p>\n<p>(b) Austral s\u1ebd kh\u00f4ng c\u00f3 tr\u00e1ch nhi\u1ec7m ho\u1eb7c ngh\u0129a v\u1ee5 ph\u00e1p l\u00fd li\u00ean quan \u0111\u1ebfn b\u1ea5t k\u1ef3 t\u1ed5n th\u1ea5t ho\u1eb7c thi\u1ec7t h\u1ea1i n\u00e0o m\u00e0 b\u1ea1n ph\u1ea3i ch\u1ecbu, bao g\u1ed3m thi\u1ec7t h\u1ea1i cho ph\u1ea7n m\u1ec1m ho\u1eb7c ph\u1ea7n c\u1ee9ng c\u1ee7a b\u1ea1n, ph\u00e1t sinh t\u1eeb vi\u1ec7c b\u1ea1n s\u1eed d\u1ee5ng ho\u1eb7c truy c\u1eadp v\u00e0o Trang web n\u00e0y, ch\u1ec9 tu\u00e2n theo \u0111o\u1ea1n d.<\/p>\n<p>(c) Austral kh\u00f4ng \u0111\u1ea3m b\u1ea3o r\u1eb1ng c\u00e1c ch\u1ee9c n\u0103ng c\u00f3 trong n\u1ed9i dung Trang web, ch\u1eb3ng h\u1ea1n nh\u01b0 si\u00eau li\u00ean k\u1ebft, s\u1ebd kh\u00f4ng b\u1ecb gi\u00e1n \u0111o\u1ea1n ho\u1eb7c kh\u00f4ng c\u00f3 l\u1ed7i, c\u00e1c l\u1ed7i s\u1ebd \u0111\u01b0\u1ee3c s\u1eeda ch\u1eefa ho\u1eb7c Tin t\u1ee9c ho\u1eb7c m\u00e1y ch\u1ee7 cung c\u1ea5p n\u00f3, kh\u00f4ng c\u00f3 vi-r\u00fat ho\u1eb7c l\u1ed7i.<\/p>\n<p>(d) Tr\u00e1ch nhi\u1ec7m ph\u00e1p l\u00fd c\u1ee7a Austral, \u0111\u1ed1i v\u1edbi b\u1ea5t k\u1ef3 vi ph\u1ea1m n\u00e0o \u0111\u1ed1i v\u1edbi \u0111i\u1ec1u kho\u1ea3n ho\u1eb7c \u0111i\u1ec1u ki\u1ec7n \u0111\u01b0\u1ee3c ng\u1ee5 \u00fd b\u1edfi ph\u00e1p lu\u1eadt \u0111\u01b0\u1ee3c gi\u1edbi h\u1ea1n theo quy\u1ebft \u0111\u1ecbnh c\u1ee7a News, \u0111\u1ed1i v\u1edbi vi\u1ec7c cung c\u1ea5p l\u1ea1i b\u1ea5t k\u1ef3 d\u1ecbch v\u1ee5 n\u00e0o ho\u1eb7c thanh to\u00e1n chi ph\u00ed cung c\u1ea5p l\u1ea1i b\u1ea5t k\u1ef3 d\u1ecbch v\u1ee5 n\u00e0o.<\/p>\n<p>(e) B\u1ea1n b\u1ed3i th\u01b0\u1eddng cho Austral v\u00e0 c\u00e1c c\u00f4ng ty li\u00ean k\u1ebft c\u1ee7a Austral, v\u00e0 m\u1ed7i gi\u00e1m \u0111\u1ed1c, c\u00e1n b\u1ed9, nh\u00e2n vi\u00ean v\u00e0 \u0111\u1ea1i l\u00fd c\u1ee7a h\u1ecd \u0111\u1ed1i v\u1edbi b\u1ea5t k\u1ef3 h\u00e0nh \u0111\u1ed9ng, khi\u1ebfu n\u1ea1i, m\u1ea5t m\u00e1t ho\u1eb7c chi ph\u00ed n\u00e0o m\u00e0 Austral ph\u1ea3i ch\u1ecbu ph\u00e1t sinh t\u1eeb vi\u1ec7c b\u1ea1n s\u1eed d\u1ee5ng Trang web.<\/p>\n<p><b>N\u1ed9i dung &amp; Li\u00ean k\u1ebft c\u1ee7a b\u00ean th\u1ee9 ba<\/b><\/p>\n<p>Trang web n\u00e0y c\u00f3 th\u1ec3 bao g\u1ed3m n\u1ed9i dung c\u1ee7a b\u00ean th\u1ee9 ba tu\u00e2n theo c\u00e1c \u0111i\u1ec1u kho\u1ea3n v\u00e0 \u0111i\u1ec1u ki\u1ec7n s\u1eed d\u1ee5ng c\u1ee7a b\u00ean th\u1ee9 ba \u0111\u00f3. Kh\u00f4ng c\u00f3 g\u00ec tr\u00ean Trang web n\u00e0y n\u00ean \u0111\u01b0\u1ee3c hi\u1ec3u l\u00e0 c\u1ea5p b\u1ea5t k\u1ef3 gi\u1ea5y ph\u00e9p ho\u1eb7c quy\u1ec1n n\u00e0o \u0111\u1ec3 b\u1ea1n s\u1eed d\u1ee5ng n\u1ed9i dung \u0111\u00f3.<\/p>\n<p>Trang web n\u00e0y c\u00f3 th\u1ec3 bao g\u1ed3m c\u00e1c li\u00ean k\u1ebft \u0111\u1ebfn c\u00e1c trang web c\u1ee7a b\u00ean th\u1ee9 ba kh\u00f4ng li\u00ean quan \u0111\u1ebfn Austral v\u00e0 li\u00ean quan \u0111\u1ebfn Austral kh\u00f4ng c\u00f3 quy\u1ec1n ki\u1ec3m so\u00e1t ho\u1eb7c quan t\u00e2m. S\u1ef1 xu\u1ea5t hi\u1ec7n c\u1ee7a c\u00e1c li\u00ean k\u1ebft \u0111\u00f3 tr\u00ean trang web n\u00e0y kh\u00f4ng cho th\u1ea5y b\u1ea5t k\u1ef3 m\u1ed1i quan h\u1ec7 n\u00e0o gi\u1eefa Austral v\u00e0 b\u00ean th\u1ee9 ba \u0111\u00f3 ho\u1eb7c b\u1ea5t k\u1ef3 s\u1ef1 ch\u1ee9ng th\u1ef1c n\u00e0o c\u1ee7a Austral \u0111\u1ed1i v\u1edbi b\u00ean th\u1ee9 ba \u0111\u00f3, trang web c\u1ee7a Austral ho\u1eb7c c\u00e1c s\u1ea3n ph\u1ea9m ho\u1eb7c d\u1ecbch v\u1ee5 m\u00e0 Austral \u0111ang qu\u1ea3ng c\u00e1o tr\u00ean Trang web n\u00e0y.<\/p>\n<p><b>\u0110\u00f3ng g\u00f3p n\u1ed9i dung<\/b><\/p>\n<p>Khi b\u1ea1n g\u1eedi n\u1ed9i dung cho Austral \u1edf b\u1ea5t k\u1ef3 \u0111\u1ecbnh d\u1ea1ng n\u00e0o, bao g\u1ed3m b\u1ea5t k\u1ef3 v\u0103n b\u1ea3n, \u1ea3nh, \u0111\u1ed3 h\u1ecda, video ho\u1eb7c \u00e2m thanh n\u00e0o, b\u1ea1n c\u1ea5p cho News gi\u1ea5y ph\u00e9p v\u0129nh vi\u1ec5n, kh\u00f4ng \u0111\u1ed9c quy\u1ec1n, mi\u1ec5n ph\u00ed b\u1ea3n quy\u1ec1n \u0111\u1ec3 xu\u1ea5t b\u1ea3n, truy\u1ec1n t\u1ea3i ho\u1eb7c s\u1eed d\u1ee5ng n\u1ed9i dung \u0111\u00f3 theo b\u1ea5t k\u1ef3 c\u00e1ch n\u00e0o, hi\u1ec7n t\u1ea1i v\u00e0 trong t\u01b0\u01a1ng lai.<br \/>\nTin t\u1ee9c c\u00f3 quy\u1ec1n kh\u00f4ng s\u1eed d\u1ee5ng n\u1ed9i dung b\u1ea1n g\u1eedi.<br \/>\nB\u1ea1n \u0111\u1ea3m b\u1ea3o r\u1eb1ng b\u1ea1n c\u00f3 t\u1ea5t c\u1ea3 c\u00e1c quy\u1ec1n c\u1ea7n thi\u1ebft, bao g\u1ed3m b\u1ea3n quy\u1ec1n, trong n\u1ed9i dung b\u1ea1n \u0111\u00f3ng g\u00f3p, r\u1eb1ng n\u1ed9i dung c\u1ee7a b\u1ea1n kh\u00f4ng ph\u1ec9 b\u00e1ng v\u00e0 kh\u00f4ng vi ph\u1ea1m b\u1ea5t k\u1ef3 lu\u1eadt n\u00e0o.<br \/>\nB\u1ea1n b\u1ed3i th\u01b0\u1eddng cho Austral b\u1ea5t k\u1ef3 v\u00e0 t\u1ea5t c\u1ea3 c\u00e1c kho\u1ea3n ph\u00ed ph\u00e1p l\u00fd, thi\u1ec7t h\u1ea1i v\u00e0 c\u00e1c chi ph\u00ed kh\u00e1c m\u00e0 Austral c\u00f3 th\u1ec3 ph\u1ea3i ch\u1ecbu do vi ph\u1ea1m b\u1ea3o h\u00e0nh tr\u00ean.<br \/>\nB\u1ea1n t\u1eeb b\u1ecf b\u1ea5t k\u1ef3 quy\u1ec1n nh\u00e2n th\u00e2n n\u00e0o trong \u0111\u00f3ng g\u00f3p c\u1ee7a b\u1ea1n cho c\u00e1c m\u1ee5c \u0111\u00edch do Austral \u0111\u1ec7 tr\u00ecnh v\u00e0 s\u1eed d\u1ee5ng theo c\u00e1c \u0111i\u1ec1u kho\u1ea3n n\u00e0y.<\/p>\n<p><b>T\u1ed5ng qu\u00e1t<\/b><\/p>\n<p>Ng\u01b0\u1eddi d\u00f9ng s\u1ebd kh\u00f4ng s\u1eed d\u1ee5ng trang web n\u00e0y cho b\u1ea5t k\u1ef3 m\u1ee5c \u0111\u00edch n\u00e0o ho\u1eb7c theo b\u1ea5t k\u1ef3 c\u00e1ch n\u00e0o b\u1ea5t h\u1ee3p ph\u00e1p.<br \/>\nC\u00e1c \u0110i\u1ec1u kho\u1ea3n &amp;; \u0110i\u1ec1u ki\u1ec7n n\u00e0y s\u1ebd \u0111\u01b0\u1ee3c \u0111i\u1ec1u ch\u1ec9nh v\u00e0 gi\u1ea3i th\u00edch theo lu\u1eadt ph\u00e1p c\u1ee7a Victoria.<\/p>\n","protected":false},"excerpt":{"rendered":"<p>Ch\u00e0o m\u1eebng b\u1ea1n \u0111\u1ebfn v\u1edbi trang web c\u1ee7a ch\u00fang t\u00f4i. \u0110\u00e2y l\u00e0 c\u00e1c \u0110i\u1ec1u kho\u1ea3n &amp;; \u0110i\u1ec1u ki\u1ec7n c\u1ee7a ch\u00fang t\u00f4i \u0111\u1ec3 s\u1eed d\u1ee5ng Trang web m\u00e0 b\u1ea1n c\u00f3 th\u1ec3 truy c\u1eadp theo nhi\u1ec1u c\u00e1ch, bao g\u1ed3m nh\u01b0ng kh\u00f4ng gi\u1edbi h\u1ea1n \u1edf web, m\u00e1y t\u00ednh b\u1ea3ng v\u00e0 \u0111i\u1ec7n tho\u1ea1i di [&hellip;]<\/p>\n","protected":false},"author":6,"featured_media":0,"parent":0,"menu_order":0,"comment_status":"closed","ping_status":"open","template":"","meta":{"footnotes":""},"class_list":["post-14422","page","type-page","status-publish","hentry"],"yoast_head":"<!-- This site is optimized with the Yoast SEO plugin v27.0 - https:\/\/yoast.com\/product\/yoast-seo-wordpress\/ -->\n<title>\u0110i\u1ec1u kho\u1ea3n v\u00e0 \u0110i\u1ec1u ki\u1ec7n | C\u01a1 quan Di tr\u00fa \u00dac Malaysia<\/title>\n<meta name=\"description\" content=\"Hi\u1ec3u c\u00e1c \u0111i\u1ec1u kho\u1ea3n v\u00e0 \u0111i\u1ec1u ki\u1ec7n c\u1ee7a trang web c\u1ee7a ch\u00fang t\u00f4i khi b\u1ea1n thu th\u1eadp t\u1ea5t c\u1ea3 th\u00f4ng tin b\u1ea1n c\u1ea7n t\u1eeb C\u01a1 quan Di tr\u00fa \u00dac c\u00f3 tr\u1ee5 s\u1edf t\u1ea1i Malaysia c\u1ee7a ch\u00fang t\u00f4i.\" \/>\n<meta name=\"robots\" content=\"index, follow, max-snippet:-1, max-image-preview:large, max-video-preview:-1\" \/>\n<link rel=\"canonical\" href=\"https:\/\/australmigrate.com.vn\/vi\/dieu-khoan-va-dieu-kien\/\" \/>\n<meta property=\"og:locale\" content=\"vi_VN\" \/>\n<meta property=\"og:type\" content=\"article\" \/>\n<meta property=\"og:title\" content=\"\u0110i\u1ec1u kho\u1ea3n v\u00e0 \u0110i\u1ec1u ki\u1ec7n | C\u01a1 quan Di tr\u00fa \u00dac Malaysia\" \/>\n<meta property=\"og:description\" content=\"Hi\u1ec3u c\u00e1c \u0111i\u1ec1u kho\u1ea3n v\u00e0 \u0111i\u1ec1u ki\u1ec7n c\u1ee7a trang web c\u1ee7a ch\u00fang t\u00f4i khi b\u1ea1n thu th\u1eadp t\u1ea5t c\u1ea3 th\u00f4ng tin b\u1ea1n c\u1ea7n t\u1eeb C\u01a1 quan Di tr\u00fa \u00dac c\u00f3 tr\u1ee5 s\u1edf t\u1ea1i Malaysia c\u1ee7a ch\u00fang t\u00f4i.\" \/>\n<meta property=\"og:url\" content=\"https:\/\/australmigrate.com.vn\/vi\/dieu-khoan-va-dieu-kien\/\" \/>\n<meta property=\"og:site_name\" content=\"How To Migrate To Australia From Vietnam - Austral Migration Consultancy\" \/>\n<meta property=\"article:publisher\" content=\"https:\/\/www.facebook.com\/australmigrate\" \/>\n<meta property=\"og:image\" content=\"https:\/\/australmigrate.com.vn\/wp-content\/uploads\/2020\/01\/logo-white-background-border.jpg\" \/>\n\t<meta property=\"og:image:width\" content=\"450\" \/>\n\t<meta property=\"og:image:height\" content=\"208\" \/>\n\t<meta property=\"og:image:type\" content=\"image\/jpeg\" \/>\n<meta name=\"twitter:card\" content=\"summary_large_image\" \/>\n<meta name=\"twitter:label1\" content=\"Est. reading time\" \/>\n\t<meta name=\"twitter:data1\" content=\"10 minutes\" \/>\n<script type=\"application\/ld+json\" class=\"yoast-schema-graph\">{\"@context\":\"https:\/\/schema.org\",\"@graph\":[{\"@type\":\"WebPage\",\"@id\":\"https:\/\/australmigrate.com.vn\/vi\/dieu-khoan-va-dieu-kien\/\",\"url\":\"https:\/\/australmigrate.com.vn\/vi\/dieu-khoan-va-dieu-kien\/\",\"name\":\"\u0110i\u1ec1u kho\u1ea3n v\u00e0 \u0110i\u1ec1u ki\u1ec7n | C\u01a1 quan Di tr\u00fa \u00dac Malaysia\",\"isPartOf\":{\"@id\":\"https:\/\/australmigrate.com.vn\/vi\/#website\"},\"datePublished\":\"2013-09-22T19:47:56+00:00\",\"description\":\"Hi\u1ec3u c\u00e1c \u0111i\u1ec1u kho\u1ea3n v\u00e0 \u0111i\u1ec1u ki\u1ec7n c\u1ee7a trang web c\u1ee7a ch\u00fang t\u00f4i khi b\u1ea1n thu th\u1eadp t\u1ea5t c\u1ea3 th\u00f4ng tin b\u1ea1n c\u1ea7n t\u1eeb C\u01a1 quan Di tr\u00fa \u00dac c\u00f3 tr\u1ee5 s\u1edf t\u1ea1i Malaysia c\u1ee7a ch\u00fang t\u00f4i.\",\"breadcrumb\":{\"@id\":\"https:\/\/australmigrate.com.vn\/vi\/dieu-khoan-va-dieu-kien\/#breadcrumb\"},\"inLanguage\":\"vi-VN\",\"potentialAction\":[{\"@type\":\"ReadAction\",\"target\":[\"https:\/\/australmigrate.com.vn\/vi\/dieu-khoan-va-dieu-kien\/\"]}]},{\"@type\":\"BreadcrumbList\",\"@id\":\"https:\/\/australmigrate.com.vn\/vi\/dieu-khoan-va-dieu-kien\/#breadcrumb\",\"itemListElement\":[{\"@type\":\"ListItem\",\"position\":1,\"name\":\"Home\",\"item\":\"https:\/\/australmigrate.com.vn\/vi\/\"},{\"@type\":\"ListItem\",\"position\":2,\"name\":\"\u0110i\u1ec1u kho\u1ea3n v\u00e0 \u0111i\u1ec1u ki\u1ec7n\"}]},{\"@type\":\"WebSite\",\"@id\":\"https:\/\/australmigrate.com.vn\/vi\/#website\",\"url\":\"https:\/\/australmigrate.com.vn\/vi\/\",\"name\":\"How To Migrate To Australia From Vietnam - Austral Migration Consultancy\",\"description\":\"\",\"potentialAction\":[{\"@type\":\"SearchAction\",\"target\":{\"@type\":\"EntryPoint\",\"urlTemplate\":\"https:\/\/australmigrate.com.vn\/vi\/?s={search_term_string}\"},\"query-input\":{\"@type\":\"PropertyValueSpecification\",\"valueRequired\":true,\"valueName\":\"search_term_string\"}}],\"inLanguage\":\"vi-VN\"}]}<\/script>\n<!-- \/ Yoast SEO plugin. -->","yoast_head_json":{"title":"\u0110i\u1ec1u kho\u1ea3n v\u00e0 \u0110i\u1ec1u ki\u1ec7n | C\u01a1 quan Di tr\u00fa \u00dac Malaysia","description":"Hi\u1ec3u c\u00e1c \u0111i\u1ec1u kho\u1ea3n v\u00e0 \u0111i\u1ec1u ki\u1ec7n c\u1ee7a trang web c\u1ee7a ch\u00fang t\u00f4i khi b\u1ea1n thu th\u1eadp t\u1ea5t c\u1ea3 th\u00f4ng tin b\u1ea1n c\u1ea7n t\u1eeb C\u01a1 quan Di tr\u00fa \u00dac c\u00f3 tr\u1ee5 s\u1edf t\u1ea1i Malaysia c\u1ee7a ch\u00fang t\u00f4i.","robots":{"index":"index","follow":"follow","max-snippet":"max-snippet:-1","max-image-preview":"max-image-preview:large","max-video-preview":"max-video-preview:-1"},"canonical":"https:\/\/australmigrate.com.vn\/vi\/dieu-khoan-va-dieu-kien\/","og_locale":"vi_VN","og_type":"article","og_title":"\u0110i\u1ec1u kho\u1ea3n v\u00e0 \u0110i\u1ec1u ki\u1ec7n | C\u01a1 quan Di tr\u00fa \u00dac Malaysia","og_description":"Hi\u1ec3u c\u00e1c \u0111i\u1ec1u kho\u1ea3n v\u00e0 \u0111i\u1ec1u ki\u1ec7n c\u1ee7a trang web c\u1ee7a ch\u00fang t\u00f4i khi b\u1ea1n thu th\u1eadp t\u1ea5t c\u1ea3 th\u00f4ng tin b\u1ea1n c\u1ea7n t\u1eeb C\u01a1 quan Di tr\u00fa \u00dac c\u00f3 tr\u1ee5 s\u1edf t\u1ea1i Malaysia c\u1ee7a ch\u00fang t\u00f4i.","og_url":"https:\/\/australmigrate.com.vn\/vi\/dieu-khoan-va-dieu-kien\/","og_site_name":"How To Migrate To Australia From Vietnam - Austral Migration Consultancy","article_publisher":"https:\/\/www.facebook.com\/australmigrate","og_image":[{"width":450,"height":208,"url":"https:\/\/australmigrate.com.vn\/wp-content\/uploads\/2020\/01\/logo-white-background-border.jpg","type":"image\/jpeg"}],"twitter_card":"summary_large_image","twitter_misc":{"Est. reading time":"10 minutes"},"schema":{"@context":"https:\/\/schema.org","@graph":[{"@type":"WebPage","@id":"https:\/\/australmigrate.com.vn\/vi\/dieu-khoan-va-dieu-kien\/","url":"https:\/\/australmigrate.com.vn\/vi\/dieu-khoan-va-dieu-kien\/","name":"\u0110i\u1ec1u kho\u1ea3n v\u00e0 \u0110i\u1ec1u ki\u1ec7n | C\u01a1 quan Di tr\u00fa \u00dac Malaysia","isPartOf":{"@id":"https:\/\/australmigrate.com.vn\/vi\/#website"},"datePublished":"2013-09-22T19:47:56+00:00","description":"Hi\u1ec3u c\u00e1c \u0111i\u1ec1u kho\u1ea3n v\u00e0 \u0111i\u1ec1u ki\u1ec7n c\u1ee7a trang web c\u1ee7a ch\u00fang t\u00f4i khi b\u1ea1n thu th\u1eadp t\u1ea5t c\u1ea3 th\u00f4ng tin b\u1ea1n c\u1ea7n t\u1eeb C\u01a1 quan Di tr\u00fa \u00dac c\u00f3 tr\u1ee5 s\u1edf t\u1ea1i Malaysia c\u1ee7a ch\u00fang t\u00f4i.","breadcrumb":{"@id":"https:\/\/australmigrate.com.vn\/vi\/dieu-khoan-va-dieu-kien\/#breadcrumb"},"inLanguage":"vi-VN","potentialAction":[{"@type":"ReadAction","target":["https:\/\/australmigrate.com.vn\/vi\/dieu-khoan-va-dieu-kien\/"]}]},{"@type":"BreadcrumbList","@id":"https:\/\/australmigrate.com.vn\/vi\/dieu-khoan-va-dieu-kien\/#breadcrumb","itemListElement":[{"@type":"ListItem","position":1,"name":"Home","item":"https:\/\/australmigrate.com.vn\/vi\/"},{"@type":"ListItem","position":2,"name":"\u0110i\u1ec1u kho\u1ea3n v\u00e0 \u0111i\u1ec1u ki\u1ec7n"}]},{"@type":"WebSite","@id":"https:\/\/australmigrate.com.vn\/vi\/#website","url":"https:\/\/australmigrate.com.vn\/vi\/","name":"How To Migrate To Australia From Vietnam - Austral Migration Consultancy","description":"","potentialAction":[{"@type":"SearchAction","target":{"@type":"EntryPoint","urlTemplate":"https:\/\/australmigrate.com.vn\/vi\/?s={search_term_string}"},"query-input":{"@type":"PropertyValueSpecification","valueRequired":true,"valueName":"search_term_string"}}],"inLanguage":"vi-VN"}]}},"_links":{"self":[{"href":"https:\/\/australmigrate.com.vn\/vi\/wp-json\/wp\/v2\/pages\/14422","targetHints":{"allow":["GET"]}}],"collection":[{"href":"https:\/\/australmigrate.com.vn\/vi\/wp-json\/wp\/v2\/pages"}],"about":[{"href":"https:\/\/australmigrate.com.vn\/vi\/wp-json\/wp\/v2\/types\/page"}],"author":[{"embeddable":true,"href":"https:\/\/australmigrate.com.vn\/vi\/wp-json\/wp\/v2\/users\/6"}],"replies":[{"embeddable":true,"href":"https:\/\/australmigrate.com.vn\/vi\/wp-json\/wp\/v2\/comments?post=14422"}],"version-history":[{"count":0,"href":"https:\/\/australmigrate.com.vn\/vi\/wp-json\/wp\/v2\/pages\/14422\/revisions"}],"wp:attachment":[{"href":"https:\/\/australmigrate.com.vn\/vi\/wp-json\/wp\/v2\/media?parent=14422"}],"curies":[{"name":"wp","href":"https:\/\/api.w.org\/{rel}","templated":true}]}}