{"id":14429,"date":"2017-05-29T18:35:02","date_gmt":"2017-05-29T10:35:02","guid":{"rendered":"https:\/\/australmigrate.com.vn\/lien-he-voi-chung-toi\/bat-dau-tu-van-di-cu-austral-subang-jaya\/"},"modified":"2023-10-07T13:12:56","modified_gmt":"2023-10-07T05:12:56","slug":"bat-dau-tu-van-di-cu-austral-subang-jaya","status":"publish","type":"page","link":"https:\/\/australmigrate.com.vn\/vi\/lien-he-voi-chung-toi\/bat-dau-tu-van-di-cu-austral-subang-jaya\/","title":{"rendered":"B\u1eaft \u0111\u1ea7u t\u01b0 v\u1ea5n di c\u01b0 Austral Subang Jaya"},"content":{"rendered":"<div class=\"fusion-fullwidth fullwidth-box fusion-builder-row-1 fusion-flex-container nonhundred-percent-fullwidth non-hundred-percent-height-scrolling\" style=\"background-color: rgba(255,255,255,0);background-position: left top;background-repeat: no-repeat;border-width: 0px 0px 0px 0px;border-color:#eae9e9;border-style:solid;\" ><div class=\"fusion-builder-row fusion-row fusion-flex-align-items-flex-start\" style=\"max-width:1144px;margin-left: calc(-4% \/ 2 );margin-right: calc(-4% \/ 2 );\"><div class=\"fusion-layout-column fusion_builder_column fusion-builder-column-0 fusion_builder_column_1_2 1_2 fusion-flex-column\"><div class=\"fusion-column-wrapper fusion-flex-justify-content-flex-start fusion-content-layout-column\" style=\"background-position:left top;background-repeat:no-repeat;-webkit-background-size:cover;-moz-background-size:cover;-o-background-size:cover;background-size:cover;padding: 0px 0px 0px 0px;\"><iframe src=\"https:\/\/www.google.com\/maps\/embed?pb=!1m18!1m12!1m3!1d3984.0475079245607!2d101.57982601532736!3d3.081994854419887!2m3!1f0!2f0!3f0!3m2!1i1024!2i768!4f13.1!3m3!1m2!1s0x31cc4c5e899ea493:0x509db9fe4d857a02!2sAustral+Migration+Consultancy!5e0!3m2!1sen!2ssg!4v1540460808835\" width=\"100%\" height=\"300\" frameborder=\"0\" style=\"border:0\" allowfullscreen=\"\"><\/iframe><\/div><style type=\"text\/css\">.fusion-body .fusion-builder-column-0{width:50% !important;margin-top : 0px;margin-bottom : 20px;}.fusion-builder-column-0 > .fusion-column-wrapper {padding-top : 0px !important;padding-right : 0px !important;margin-right : 3.84%;padding-bottom : 0px !important;padding-left : 0px !important;margin-left : 3.84%;}@media only screen and (max-width:1024px) {.fusion-body .fusion-builder-column-0{width:100% !important;}.fusion-builder-column-0 > .fusion-column-wrapper {margin-right : 1.92%;margin-left : 1.92%;}}@media only screen and (max-width:640px) {.fusion-body .fusion-builder-column-0{width:100% !important;}.fusion-builder-column-0 > .fusion-column-wrapper {margin-right : 1.92%;margin-left : 1.92%;}}<\/style><\/div><div class=\"fusion-layout-column fusion_builder_column fusion-builder-column-1 fusion_builder_column_1_2 1_2 fusion-flex-column\"><div class=\"fusion-column-wrapper fusion-flex-justify-content-flex-start fusion-content-layout-column\" style=\"background-position:left top;background-repeat:no-repeat;-webkit-background-size:cover;-moz-background-size:cover;-o-background-size:cover;background-size:cover;padding: 0px 0px 0px 0px;\"><div class=\"fusion-text fusion-text-1\"><p>\u0110\u1ec3 \u0111\u1ebfn v\u0103n ph\u00f2ng c\u1ee7a ch\u00fang t\u00f4i t\u1ea1i Empire Office Tower, Subang Jaya, vui l\u00f2ng th\u1ef1c hi\u1ec7n theo c\u00e1c h\u01b0\u1edbng d\u1eabn b\u00ean d\u01b0\u1edbi.<\/p>\n<p><strong>\u0110\u1ecba ch\u1ec9:<\/strong> A-02-3A, Empire Office Tower, Jalan SS16\/1, Subang Jaya, 47500, Selangor, Malaysia.<\/p>\n<p><strong>\u0110i\u1ec7n tho\u1ea1i:<\/strong> +603-5613 2800<\/p>\n<p><strong>Gi\u1edd m\u1edf c\u1eeda: <\/strong>8am \u2013 5pm (Th\u1ee9 Hai \u2013 Th\u1ee9 S\u00e1u), 9am \u2013 6pm (Th\u1ee9 B\u1ea3y).<\/p>\n<ul>\n<li>T\u00ecm \u0111\u01b0\u1eddng \u0111\u1ebfn Trung t\u00e2m mua s\u1eafm Empire, Subang Jaya &#8211; t\u00f2a th\u00e1p v\u0103n ph\u00f2ng v\u00e0 trung t\u00e2m mua s\u1eafm chia s\u1ebb c\u00f9ng m\u1ed9t b\u00e3i \u0111\u1eadu xe, v\u00ec v\u1eady b\u1ea1n c\u00f3 th\u1ec3 \u0111\u1ed7 xe \u1edf b\u1ea5t c\u1ee9 \u0111\u00e2u trong trung t\u00e2m mua s\u1eafm &#8211; ch\u00fang t\u00f4i khuy\u00ean b\u1ea1n n\u00ean \u1edf t\u1ea7ng P1 v\u00ec \u0111\u00e2y l\u00e0 n\u01a1i d\u1ec5 nh\u1ea5t \u0111\u1ec3 \u0111\u1ebfn t\u1ea7ng tr\u1ec7t c\u1ee7a trung t\u00e2m mua s\u1eafm<\/li>\n<li>N\u1ebfu b\u1ea1n \u0111ang s\u1eed d\u1ee5ng ph\u01b0\u01a1ng ti\u1ec7n giao th\u00f4ng c\u00f4ng c\u1ed9ng, c\u00e1c ga t\u00e0u g\u1ea7n nh\u1ea5t l\u00e0 tr\u1ea1m d\u1eebng Subang Jaya qua LRT ho\u1eb7c KTM<\/li>\n<li>Khi b\u1ea1n \u0111\u00e3 \u0111\u1ed7 xe v\u00e0 \u0111i v\u00e0o trung t\u00e2m mua s\u1eafm, h\u00e3y \u0111i v\u1ec1 ph\u00eda ng\u00e2n h\u00e0ng CIMB, c\u00f3 th\u1ec3 truy c\u1eadp b\u00ean ngo\u00e0i l\u1ed1i v\u00e0o t\u1ea7ng tr\u1ec7t c\u1ee7a trung t\u00e2m mua s\u1eafm, \u1edf b\u00ean ph\u1ea3i v\u00e0 qua c\u00e0 ph\u00ea Starbucks c\u1ee7a b\u1ea1n<\/li>\n<li>L\u1ed1i v\u00e0o t\u00f2a th\u00e1p v\u0103n ph\u00f2ng Empire th\u00f4ng qua m\u00e1y ATM ng\u00e2n h\u00e0ng CIMB v\u00e0 ph\u00f2ng g\u1eedi s\u00e9c<\/li>\n<li>\u0110\u0103ng k\u00fd v\u1edbi nh\u00e2n vi\u00ean b\u1ea3o v\u1ec7 \u1edf t\u1ea7ng tr\u1ec7t v\u00e0 cung c\u1ea5p cho h\u1ecd t\u00ean doanh nghi\u1ec7p c\u1ee7a ch\u00fang t\u00f4i (T\u01b0 v\u1ea5n di c\u01b0 Austral) v\u00e0 s\u1ed1 \u0111\u01a1n v\u1ecb (A-02-3A)<\/li>\n<li>Nh\u1ea5n v\u00e0o th\u1ebb an ninh \u0111\u01b0\u1ee3c cung c\u1ea5p cho b\u1ea1n trong thang m\u00e1y \u0111\u1ec3 l\u00ean t\u1ea7ng 2<\/li>\n<li>V\u0103n ph\u00f2ng c\u1ee7a ch\u00fang t\u00f4i n\u1eb1m b\u00ean tr\u00e1i s\u1ea3nh thang m\u00e1y tr\u00ean t\u1ea7ng 2<\/li>\n<\/ul>\n<\/div><\/div><style type=\"text\/css\">.fusion-body .fusion-builder-column-1{width:50% !important;margin-top : 0px;margin-bottom : 20px;}.fusion-builder-column-1 > .fusion-column-wrapper {padding-top : 0px !important;padding-right : 0px !important;margin-right : 3.84%;padding-bottom : 0px !important;padding-left : 0px !important;margin-left : 3.84%;}@media only screen and (max-width:1024px) {.fusion-body .fusion-builder-column-1{width:100% !important;}.fusion-builder-column-1 > .fusion-column-wrapper {margin-right : 1.92%;margin-left : 1.92%;}}@media only screen and (max-width:640px) {.fusion-body .fusion-builder-column-1{width:100% !important;}.fusion-builder-column-1 > .fusion-column-wrapper {margin-right : 1.92%;margin-left : 1.92%;}}<\/style><\/div><\/div><style type=\"text\/css\">.fusion-body .fusion-flex-container.fusion-builder-row-1{ padding-top : 20px;margin-top : 0px;padding-right : 0px;padding-bottom : 20px;margin-bottom : 0px;padding-left : 0px;}<\/style><\/div>\n","protected":false},"excerpt":{"rendered":"","protected":false},"author":323,"featured_media":0,"parent":14426,"menu_order":0,"comment_status":"closed","ping_status":"closed","template":"","meta":{"footnotes":""},"class_list":["post-14429","page","type-page","status-publish","hentry"],"yoast_head":"<!-- This site is optimized with the Yoast SEO plugin v27.0 - https:\/\/yoast.com\/product\/yoast-seo-wordpress\/ -->\n<title>T\u00f2a nh\u00e0 v\u0103n ph\u00f2ng Empire - V\u0103n ph\u00f2ng Subang Jaya<\/title>\n<meta name=\"description\" content=\"\u0110\u1ec3 \u0111\u1ebfn v\u0103n ph\u00f2ng c\u1ee7a ch\u00fang t\u00f4i t\u1ea1i Empire Office Tower, Subang Jaya, vui l\u00f2ng l\u00e0m theo h\u01b0\u1edbng d\u1eabn tr\u00ean trang n\u00e0y. A-02-3A, Empire Office Tower, Jalan SS16\/1, Subang Jaya, 47500, Selangor, Malaysia.\" \/>\n<meta name=\"robots\" content=\"index, follow, max-snippet:-1, max-image-preview:large, max-video-preview:-1\" \/>\n<link rel=\"canonical\" href=\"https:\/\/australmigrate.com.vn\/vi\/lien-he-voi-chung-toi\/bat-dau-tu-van-di-cu-austral-subang-jaya\/\" \/>\n<meta property=\"og:locale\" content=\"vi_VN\" \/>\n<meta property=\"og:type\" content=\"article\" \/>\n<meta property=\"og:title\" content=\"T\u00f2a nh\u00e0 v\u0103n ph\u00f2ng Empire - V\u0103n ph\u00f2ng Subang Jaya\" \/>\n<meta property=\"og:description\" content=\"\u0110\u1ec3 \u0111\u1ebfn v\u0103n ph\u00f2ng c\u1ee7a ch\u00fang t\u00f4i t\u1ea1i Empire Office Tower, Subang Jaya, vui l\u00f2ng l\u00e0m theo h\u01b0\u1edbng d\u1eabn tr\u00ean trang n\u00e0y. A-02-3A, Empire Office Tower, Jalan SS16\/1, Subang Jaya, 47500, Selangor, Malaysia.\" \/>\n<meta property=\"og:url\" content=\"https:\/\/australmigrate.com.vn\/vi\/lien-he-voi-chung-toi\/bat-dau-tu-van-di-cu-austral-subang-jaya\/\" \/>\n<meta property=\"og:site_name\" content=\"How To Migrate To Australia From Vietnam - Austral Migration Consultancy\" \/>\n<meta property=\"article:publisher\" content=\"https:\/\/www.facebook.com\/australmigrate\" \/>\n<meta property=\"article:modified_time\" content=\"2023-10-07T05:12:56+00:00\" \/>\n<meta property=\"og:image\" content=\"https:\/\/australmigrate.com.vn\/wp-content\/uploads\/2020\/01\/logo-white-background-border.jpg\" \/>\n\t<meta property=\"og:image:width\" content=\"450\" \/>\n\t<meta property=\"og:image:height\" content=\"208\" \/>\n\t<meta property=\"og:image:type\" content=\"image\/jpeg\" \/>\n<meta name=\"twitter:card\" content=\"summary_large_image\" \/>\n<meta name=\"twitter:label1\" content=\"Est. reading time\" \/>\n\t<meta name=\"twitter:data1\" content=\"3 minutes\" \/>\n<script type=\"application\/ld+json\" class=\"yoast-schema-graph\">{\"@context\":\"https:\/\/schema.org\",\"@graph\":[{\"@type\":\"WebPage\",\"@id\":\"https:\/\/australmigrate.com.vn\/vi\/lien-he-voi-chung-toi\/bat-dau-tu-van-di-cu-austral-subang-jaya\/\",\"url\":\"https:\/\/australmigrate.com.vn\/vi\/lien-he-voi-chung-toi\/bat-dau-tu-van-di-cu-austral-subang-jaya\/\",\"name\":\"T\u00f2a nh\u00e0 v\u0103n ph\u00f2ng Empire - V\u0103n ph\u00f2ng Subang Jaya\",\"isPartOf\":{\"@id\":\"https:\/\/australmigrate.com.vn\/vi\/#website\"},\"datePublished\":\"2017-05-29T10:35:02+00:00\",\"dateModified\":\"2023-10-07T05:12:56+00:00\",\"description\":\"\u0110\u1ec3 \u0111\u1ebfn v\u0103n ph\u00f2ng c\u1ee7a ch\u00fang t\u00f4i t\u1ea1i Empire Office Tower, Subang Jaya, vui l\u00f2ng l\u00e0m theo h\u01b0\u1edbng d\u1eabn tr\u00ean trang n\u00e0y. A-02-3A, Empire Office Tower, Jalan SS16\/1, Subang Jaya, 47500, Selangor, Malaysia.\",\"breadcrumb\":{\"@id\":\"https:\/\/australmigrate.com.vn\/vi\/lien-he-voi-chung-toi\/bat-dau-tu-van-di-cu-austral-subang-jaya\/#breadcrumb\"},\"inLanguage\":\"vi-VN\",\"potentialAction\":[{\"@type\":\"ReadAction\",\"target\":[\"https:\/\/australmigrate.com.vn\/vi\/lien-he-voi-chung-toi\/bat-dau-tu-van-di-cu-austral-subang-jaya\/\"]}]},{\"@type\":\"BreadcrumbList\",\"@id\":\"https:\/\/australmigrate.com.vn\/vi\/lien-he-voi-chung-toi\/bat-dau-tu-van-di-cu-austral-subang-jaya\/#breadcrumb\",\"itemListElement\":[{\"@type\":\"ListItem\",\"position\":1,\"name\":\"Home\",\"item\":\"https:\/\/australmigrate.com.vn\/vi\/\"},{\"@type\":\"ListItem\",\"position\":2,\"name\":\"Li\u00ean h\u1ec7 v\u1edbi ch\u00fang t\u00f4i\",\"item\":\"https:\/\/australmigrate.com.vn\/vi\/lien-he-voi-chung-toi\/\"},{\"@type\":\"ListItem\",\"position\":3,\"name\":\"B\u1eaft \u0111\u1ea7u t\u01b0 v\u1ea5n di c\u01b0 Austral Subang Jaya\"}]},{\"@type\":\"WebSite\",\"@id\":\"https:\/\/australmigrate.com.vn\/vi\/#website\",\"url\":\"https:\/\/australmigrate.com.vn\/vi\/\",\"name\":\"How To Migrate To Australia From Vietnam - Austral Migration Consultancy\",\"description\":\"\",\"potentialAction\":[{\"@type\":\"SearchAction\",\"target\":{\"@type\":\"EntryPoint\",\"urlTemplate\":\"https:\/\/australmigrate.com.vn\/vi\/?s={search_term_string}\"},\"query-input\":{\"@type\":\"PropertyValueSpecification\",\"valueRequired\":true,\"valueName\":\"search_term_string\"}}],\"inLanguage\":\"vi-VN\"}]}<\/script>\n<!-- \/ Yoast SEO plugin. -->","yoast_head_json":{"title":"T\u00f2a nh\u00e0 v\u0103n ph\u00f2ng Empire - V\u0103n ph\u00f2ng Subang Jaya","description":"\u0110\u1ec3 \u0111\u1ebfn v\u0103n ph\u00f2ng c\u1ee7a ch\u00fang t\u00f4i t\u1ea1i Empire Office Tower, Subang Jaya, vui l\u00f2ng l\u00e0m theo h\u01b0\u1edbng d\u1eabn tr\u00ean trang n\u00e0y. A-02-3A, Empire Office Tower, Jalan SS16\/1, Subang Jaya, 47500, Selangor, Malaysia.","robots":{"index":"index","follow":"follow","max-snippet":"max-snippet:-1","max-image-preview":"max-image-preview:large","max-video-preview":"max-video-preview:-1"},"canonical":"https:\/\/australmigrate.com.vn\/vi\/lien-he-voi-chung-toi\/bat-dau-tu-van-di-cu-austral-subang-jaya\/","og_locale":"vi_VN","og_type":"article","og_title":"T\u00f2a nh\u00e0 v\u0103n ph\u00f2ng Empire - V\u0103n ph\u00f2ng Subang Jaya","og_description":"\u0110\u1ec3 \u0111\u1ebfn v\u0103n ph\u00f2ng c\u1ee7a ch\u00fang t\u00f4i t\u1ea1i Empire Office Tower, Subang Jaya, vui l\u00f2ng l\u00e0m theo h\u01b0\u1edbng d\u1eabn tr\u00ean trang n\u00e0y. A-02-3A, Empire Office Tower, Jalan SS16\/1, Subang Jaya, 47500, Selangor, Malaysia.","og_url":"https:\/\/australmigrate.com.vn\/vi\/lien-he-voi-chung-toi\/bat-dau-tu-van-di-cu-austral-subang-jaya\/","og_site_name":"How To Migrate To Australia From Vietnam - Austral Migration Consultancy","article_publisher":"https:\/\/www.facebook.com\/australmigrate","article_modified_time":"2023-10-07T05:12:56+00:00","og_image":[{"width":450,"height":208,"url":"https:\/\/australmigrate.com.vn\/wp-content\/uploads\/2020\/01\/logo-white-background-border.jpg","type":"image\/jpeg"}],"twitter_card":"summary_large_image","twitter_misc":{"Est. reading time":"3 minutes"},"schema":{"@context":"https:\/\/schema.org","@graph":[{"@type":"WebPage","@id":"https:\/\/australmigrate.com.vn\/vi\/lien-he-voi-chung-toi\/bat-dau-tu-van-di-cu-austral-subang-jaya\/","url":"https:\/\/australmigrate.com.vn\/vi\/lien-he-voi-chung-toi\/bat-dau-tu-van-di-cu-austral-subang-jaya\/","name":"T\u00f2a nh\u00e0 v\u0103n ph\u00f2ng Empire - V\u0103n ph\u00f2ng Subang Jaya","isPartOf":{"@id":"https:\/\/australmigrate.com.vn\/vi\/#website"},"datePublished":"2017-05-29T10:35:02+00:00","dateModified":"2023-10-07T05:12:56+00:00","description":"\u0110\u1ec3 \u0111\u1ebfn v\u0103n ph\u00f2ng c\u1ee7a ch\u00fang t\u00f4i t\u1ea1i Empire Office Tower, Subang Jaya, vui l\u00f2ng l\u00e0m theo h\u01b0\u1edbng d\u1eabn tr\u00ean trang n\u00e0y. A-02-3A, Empire Office Tower, Jalan SS16\/1, Subang Jaya, 47500, Selangor, Malaysia.","breadcrumb":{"@id":"https:\/\/australmigrate.com.vn\/vi\/lien-he-voi-chung-toi\/bat-dau-tu-van-di-cu-austral-subang-jaya\/#breadcrumb"},"inLanguage":"vi-VN","potentialAction":[{"@type":"ReadAction","target":["https:\/\/australmigrate.com.vn\/vi\/lien-he-voi-chung-toi\/bat-dau-tu-van-di-cu-austral-subang-jaya\/"]}]},{"@type":"BreadcrumbList","@id":"https:\/\/australmigrate.com.vn\/vi\/lien-he-voi-chung-toi\/bat-dau-tu-van-di-cu-austral-subang-jaya\/#breadcrumb","itemListElement":[{"@type":"ListItem","position":1,"name":"Home","item":"https:\/\/australmigrate.com.vn\/vi\/"},{"@type":"ListItem","position":2,"name":"Li\u00ean h\u1ec7 v\u1edbi ch\u00fang t\u00f4i","item":"https:\/\/australmigrate.com.vn\/vi\/lien-he-voi-chung-toi\/"},{"@type":"ListItem","position":3,"name":"B\u1eaft \u0111\u1ea7u t\u01b0 v\u1ea5n di c\u01b0 Austral Subang Jaya"}]},{"@type":"WebSite","@id":"https:\/\/australmigrate.com.vn\/vi\/#website","url":"https:\/\/australmigrate.com.vn\/vi\/","name":"How To Migrate To Australia From Vietnam - Austral Migration Consultancy","description":"","potentialAction":[{"@type":"SearchAction","target":{"@type":"EntryPoint","urlTemplate":"https:\/\/australmigrate.com.vn\/vi\/?s={search_term_string}"},"query-input":{"@type":"PropertyValueSpecification","valueRequired":true,"valueName":"search_term_string"}}],"inLanguage":"vi-VN"}]}},"_links":{"self":[{"href":"https:\/\/australmigrate.com.vn\/vi\/wp-json\/wp\/v2\/pages\/14429","targetHints":{"allow":["GET"]}}],"collection":[{"href":"https:\/\/australmigrate.com.vn\/vi\/wp-json\/wp\/v2\/pages"}],"about":[{"href":"https:\/\/australmigrate.com.vn\/vi\/wp-json\/wp\/v2\/types\/page"}],"author":[{"embeddable":true,"href":"https:\/\/australmigrate.com.vn\/vi\/wp-json\/wp\/v2\/users\/323"}],"replies":[{"embeddable":true,"href":"https:\/\/australmigrate.com.vn\/vi\/wp-json\/wp\/v2\/comments?post=14429"}],"version-history":[{"count":1,"href":"https:\/\/australmigrate.com.vn\/vi\/wp-json\/wp\/v2\/pages\/14429\/revisions"}],"predecessor-version":[{"id":14437,"href":"https:\/\/australmigrate.com.vn\/vi\/wp-json\/wp\/v2\/pages\/14429\/revisions\/14437"}],"up":[{"embeddable":true,"href":"https:\/\/australmigrate.com.vn\/vi\/wp-json\/wp\/v2\/pages\/14426"}],"wp:attachment":[{"href":"https:\/\/australmigrate.com.vn\/vi\/wp-json\/wp\/v2\/media?parent=14429"}],"curies":[{"name":"wp","href":"https:\/\/api.w.org\/{rel}","templated":true}]}}