{"id":14438,"date":"2013-09-10T09:47:22","date_gmt":"2013-09-10T01:47:22","guid":{"rendered":"https:\/\/australmigrate.com.vn\/cam-on-ban-thac-mac\/"},"modified":"2023-12-18T17:26:12","modified_gmt":"2023-12-18T09:26:12","slug":"cam-on-ban-thac-mac","status":"publish","type":"page","link":"https:\/\/australmigrate.com.vn\/vi\/cam-on-ban-thac-mac\/","title":{"rendered":"C\u1ea3m \u01a1n b\u1ea1n th\u1eafc m\u1eafc"},"content":{"rendered":"<div class=\"fusion-fullwidth fullwidth-box fusion-builder-row-1 fusion-flex-container nonhundred-percent-fullwidth non-hundred-percent-height-scrolling\" style=\"background-color: rgba(255,255,255,0);background-position: center center;background-repeat: no-repeat;border-width: 0px 0px 0px 0px;border-color:#eae9e9;border-style:solid;\" ><div class=\"fusion-builder-row fusion-row fusion-flex-align-items-flex-start\" style=\"max-width:1144px;margin-left: calc(-4% \/ 2 );margin-right: calc(-4% \/ 2 );\"><div class=\"fusion-layout-column fusion_builder_column fusion-builder-column-0 fusion_builder_column_1_2 1_2 fusion-flex-column\"><div class=\"fusion-column-wrapper fusion-flex-justify-content-flex-start fusion-content-layout-column\" style=\"background-position:left top;background-repeat:no-repeat;-webkit-background-size:cover;-moz-background-size:cover;-o-background-size:cover;background-size:cover;padding: 0px 0px 0px 0px;\"><style type=\"text\/css\">@media only screen and (max-width:1024px) {.fusion-title.fusion-title-1{margin-top:0px!important; margin-right:0px!important;margin-bottom:31px!important;margin-left:0px!important;}}@media only screen and (max-width:640px) {.fusion-title.fusion-title-1{margin-top:10px!important; margin-right:0px!important;margin-bottom:10px!important; margin-left:0px!important;}}<\/style><div class=\"fusion-title title fusion-title-1 sep-underline sep-solid fusion-title-text fusion-title-size-one\" style=\"border-bottom-color:#e45353;margin-top:0px;margin-right:0px;margin-bottom:31px;margin-left:0px;\"><h1 class=\"title-heading-left fusion-responsive-typography-calculated\" style=\"margin:0;--fontSize:40;line-height:1.5;\">C\u1ea3m \u01a1n b\u1ea1n \u0111\u00e3 quan t\u00e2m \u0111\u1ebfn vi\u1ec7c di c\u01b0 \u00dac<\/h1><\/div><\/div><style type=\"text\/css\">.fusion-body .fusion-builder-column-0{width:50% !important;margin-top : 0px;margin-bottom : 20px;}.fusion-builder-column-0 > .fusion-column-wrapper {padding-top : 0px !important;padding-right : 0px !important;margin-right : 3.84%;padding-bottom : 0px !important;padding-left : 0px !important;margin-left : 3.84%;}@media only screen and (max-width:1024px) {.fusion-body .fusion-builder-column-0{width:100% !important;}.fusion-builder-column-0 > .fusion-column-wrapper {margin-right : 1.92%;margin-left : 1.92%;}}@media only screen and (max-width:640px) {.fusion-body .fusion-builder-column-0{width:100% !important;}.fusion-builder-column-0 > .fusion-column-wrapper {margin-right : 1.92%;margin-left : 1.92%;}}<\/style><\/div><div class=\"fusion-layout-column fusion_builder_column fusion-builder-column-1 fusion_builder_column_1_2 1_2 fusion-flex-column\"><div class=\"fusion-column-wrapper fusion-flex-justify-content-flex-start fusion-content-layout-column\" style=\"background-position:left top;background-repeat:no-repeat;-webkit-background-size:cover;-moz-background-size:cover;-o-background-size:cover;background-size:cover;padding: 0px 0px 0px 0px;\"><div class=\"fusion-text fusion-text-1\"><p>C\u1ea3m \u01a1n b\u1ea1n \u0111\u00e3 g\u1eedi th\u00f4ng tin chi ti\u1ebft c\u1ee7a b\u1ea1n \u0111\u1ec3 \u0111\u00e1nh gi\u00e1 c\u00e1c l\u1ef1a ch\u1ecdn th\u1ecb th\u1ef1c \u00dac c\u1ee7a b\u1ea1n &#8211; xin l\u01b0u \u00fd r\u1eb1ng do s\u1ed1 l\u01b0\u1ee3ng \u0111\u1ec7 tr\u00ecnh ch\u00fang t\u00f4i nh\u1eadn \u0111\u01b0\u1ee3c m\u1ed9t ng\u00e0y, c\u00f3 th\u1ec3 m\u1ea5t \u0111\u1ebfn <span style=\"text-decoration: underline;\"><strong>72 gi\u1edd \u0111\u1ec3 m\u1ed9t trong nh\u1eefng chuy\u00ean gia t\u01b0 v\u1ea5n c\u1ee7a ch\u00fang t\u00f4i li\u00ean h\u1ec7 l\u1ea1i v\u1edbi b\u1ea1n.<\/strong><br \/><\/span><\/p>\n<p>N\u1ebfu b\u1ea1n ch\u01b0a nh\u1eadn \u0111\u01b0\u1ee3c b\u1ea5t k\u1ef3 th\u00f4ng tin li\u00ean l\u1ea1c n\u00e0o t\u1eeb ch\u00fang t\u00f4i, vui l\u00f2ng <span style=\"text-decoration: underline;\">ki\u1ec3m tra th\u01b0 m\u1ee5c th\u01b0 r\u00e1c c\u1ee7a<\/span> b\u1ea1n \u0111\u1ec3 xem ch\u00fang t\u00f4i \u0111\u00e3 g\u1eedi email cho b\u1ea1n ch\u01b0a.<\/p>\n<p>N\u1ebfu kh\u00f4ng, vui l\u00f2ng li\u00ean h\u1ec7 v\u1edbi ch\u00fang t\u00f4i t\u1ea1i <a href=\"mailto:enquiries@australmigrate.com\">enquiries@australmigrate.com<\/a> v\u00e0 ch\u00fang t\u00f4i s\u1ebd li\u00ean h\u1ec7 l\u1ea1i v\u1edbi b\u1ea1n.<\/p>\n<p>\u0110\u1ec3 c\u1eadp nh\u1eadt tin t\u1ee9c v\u1ec1 lu\u1eadt v\u00e0 quy \u0111\u1ecbnh nh\u1eadp c\u01b0 \u00dac, h\u00e3y theo d\u00f5i ch\u00fang t\u00f4i tr\u00ean Facebook b\u00ean d\u01b0\u1edbi:<\/p>\n<\/div><iframe style=\"border: none; overflow: hidden; width: 400px; height: 390px;\" src=\"\/\/www.facebook.com\/plugins\/likebox.php?href=https:\/\/www.facebook.com\/australmigrate&width=400&height=390&colorscheme=light&show_faces=true&header=true&stream=false&show_border=true\" width=\"320\" height=\"240\" frameborder=\"0\" scrolling=\"no\"><\/iframe>\n<\/div><style type=\"text\/css\">.fusion-body .fusion-builder-column-1{width:50% !important;margin-top : 0px;margin-bottom : 0px;}.fusion-builder-column-1 > .fusion-column-wrapper {padding-top : 0px !important;padding-right : 0px !important;margin-right : 3.84%;padding-bottom : 0px !important;padding-left : 0px !important;margin-left : 3.84%;}@media only screen and (max-width:1024px) {.fusion-body .fusion-builder-column-1{width:100% !important;}.fusion-builder-column-1 > .fusion-column-wrapper {margin-right : 1.92%;margin-left : 1.92%;}}@media only screen and (max-width:640px) {.fusion-body .fusion-builder-column-1{width:100% !important;}.fusion-builder-column-1 > .fusion-column-wrapper {margin-right : 1.92%;margin-left : 1.92%;}}<\/style><\/div><\/div><style type=\"text\/css\">.fusion-body .fusion-flex-container.fusion-builder-row-1{ padding-top : 50px;margin-top : 0px;padding-right : 0px;padding-bottom : 0px;margin-bottom : 0px;padding-left : 0px;}<\/style><\/div>\n","protected":false},"excerpt":{"rendered":"","protected":false},"author":6,"featured_media":0,"parent":0,"menu_order":0,"comment_status":"closed","ping_status":"closed","template":"","meta":{"footnotes":""},"class_list":["post-14438","page","type-page","status-publish","hentry"],"yoast_head":"<!-- This site is optimized with the Yoast SEO plugin v27.0 - https:\/\/yoast.com\/product\/yoast-seo-wordpress\/ -->\n<title>C\u1ea3m \u01a1n b\u1ea1n th\u1eafc m\u1eafc | C\u01a1 quan di tr\u00fa t\u1eeb Malaysia<\/title>\n<meta name=\"description\" content=\"V\u0103n ph\u00f2ng c\u1ee7a ch\u00fang t\u00f4i \u0111\u01b0\u1ee3c \u0111\u1eb7t t\u1ea1i Kuala Lumpur, Malaysia v\u00e0 Melbourne, \u00dac. C\u1ea3m \u01a1n b\u1ea1n \u0111\u00e3 tham gia c\u00f9ng ch\u00fang t\u00f4i!\" \/>\n<meta name=\"robots\" content=\"noindex, nofollow\" \/>\n<meta property=\"og:locale\" content=\"vi_VN\" \/>\n<meta property=\"og:type\" content=\"article\" \/>\n<meta property=\"og:title\" content=\"C\u1ea3m \u01a1n b\u1ea1n th\u1eafc m\u1eafc | C\u01a1 quan di tr\u00fa t\u1eeb Malaysia\" \/>\n<meta property=\"og:description\" content=\"V\u0103n ph\u00f2ng c\u1ee7a ch\u00fang t\u00f4i \u0111\u01b0\u1ee3c \u0111\u1eb7t t\u1ea1i Kuala Lumpur, Malaysia v\u00e0 Melbourne, \u00dac. C\u1ea3m \u01a1n b\u1ea1n \u0111\u00e3 tham gia c\u00f9ng ch\u00fang t\u00f4i!\" \/>\n<meta property=\"og:url\" content=\"https:\/\/australmigrate.com.vn\/vi\/cam-on-ban-thac-mac\/\" \/>\n<meta property=\"og:site_name\" content=\"How To Migrate To Australia From Vietnam - Austral Migration Consultancy\" \/>\n<meta property=\"article:publisher\" content=\"https:\/\/www.facebook.com\/australmigrate\" \/>\n<meta property=\"article:modified_time\" content=\"2023-12-18T09:26:12+00:00\" \/>\n<meta property=\"og:image\" content=\"https:\/\/australmigrate.com.vn\/wp-content\/uploads\/2020\/01\/logo-white-background-border.jpg\" \/>\n\t<meta property=\"og:image:width\" content=\"450\" \/>\n\t<meta property=\"og:image:height\" content=\"208\" \/>\n\t<meta property=\"og:image:type\" content=\"image\/jpeg\" \/>\n<meta name=\"twitter:card\" content=\"summary_large_image\" \/>\n<meta name=\"twitter:label1\" content=\"Est. reading time\" \/>\n\t<meta name=\"twitter:data1\" content=\"3 minutes\" \/>\n<script type=\"application\/ld+json\" class=\"yoast-schema-graph\">{\"@context\":\"https:\/\/schema.org\",\"@graph\":[{\"@type\":\"WebPage\",\"@id\":\"https:\/\/australmigrate.com.vn\/vi\/cam-on-ban-thac-mac\/\",\"url\":\"https:\/\/australmigrate.com.vn\/vi\/cam-on-ban-thac-mac\/\",\"name\":\"C\u1ea3m \u01a1n b\u1ea1n th\u1eafc m\u1eafc | C\u01a1 quan di tr\u00fa t\u1eeb Malaysia\",\"isPartOf\":{\"@id\":\"https:\/\/australmigrate.com.vn\/vi\/#website\"},\"datePublished\":\"2013-09-10T01:47:22+00:00\",\"dateModified\":\"2023-12-18T09:26:12+00:00\",\"description\":\"V\u0103n ph\u00f2ng c\u1ee7a ch\u00fang t\u00f4i \u0111\u01b0\u1ee3c \u0111\u1eb7t t\u1ea1i Kuala Lumpur, Malaysia v\u00e0 Melbourne, \u00dac. C\u1ea3m \u01a1n b\u1ea1n \u0111\u00e3 tham gia c\u00f9ng ch\u00fang t\u00f4i!\",\"breadcrumb\":{\"@id\":\"https:\/\/australmigrate.com.vn\/vi\/cam-on-ban-thac-mac\/#breadcrumb\"},\"inLanguage\":\"vi-VN\",\"potentialAction\":[{\"@type\":\"ReadAction\",\"target\":[\"https:\/\/australmigrate.com.vn\/vi\/cam-on-ban-thac-mac\/\"]}]},{\"@type\":\"BreadcrumbList\",\"@id\":\"https:\/\/australmigrate.com.vn\/vi\/cam-on-ban-thac-mac\/#breadcrumb\",\"itemListElement\":[{\"@type\":\"ListItem\",\"position\":1,\"name\":\"Home\",\"item\":\"https:\/\/australmigrate.com.vn\/vi\/\"},{\"@type\":\"ListItem\",\"position\":2,\"name\":\"C\u1ea3m \u01a1n b\u1ea1n th\u1eafc m\u1eafc\"}]},{\"@type\":\"WebSite\",\"@id\":\"https:\/\/australmigrate.com.vn\/vi\/#website\",\"url\":\"https:\/\/australmigrate.com.vn\/vi\/\",\"name\":\"How To Migrate To Australia From Vietnam - Austral Migration Consultancy\",\"description\":\"\",\"potentialAction\":[{\"@type\":\"SearchAction\",\"target\":{\"@type\":\"EntryPoint\",\"urlTemplate\":\"https:\/\/australmigrate.com.vn\/vi\/?s={search_term_string}\"},\"query-input\":{\"@type\":\"PropertyValueSpecification\",\"valueRequired\":true,\"valueName\":\"search_term_string\"}}],\"inLanguage\":\"vi-VN\"}]}<\/script>\n<!-- \/ Yoast SEO plugin. -->","yoast_head_json":{"title":"C\u1ea3m \u01a1n b\u1ea1n th\u1eafc m\u1eafc | C\u01a1 quan di tr\u00fa t\u1eeb Malaysia","description":"V\u0103n ph\u00f2ng c\u1ee7a ch\u00fang t\u00f4i \u0111\u01b0\u1ee3c \u0111\u1eb7t t\u1ea1i Kuala Lumpur, Malaysia v\u00e0 Melbourne, \u00dac. C\u1ea3m \u01a1n b\u1ea1n \u0111\u00e3 tham gia c\u00f9ng ch\u00fang t\u00f4i!","robots":{"index":"noindex","follow":"nofollow"},"og_locale":"vi_VN","og_type":"article","og_title":"C\u1ea3m \u01a1n b\u1ea1n th\u1eafc m\u1eafc | C\u01a1 quan di tr\u00fa t\u1eeb Malaysia","og_description":"V\u0103n ph\u00f2ng c\u1ee7a ch\u00fang t\u00f4i \u0111\u01b0\u1ee3c \u0111\u1eb7t t\u1ea1i Kuala Lumpur, Malaysia v\u00e0 Melbourne, \u00dac. C\u1ea3m \u01a1n b\u1ea1n \u0111\u00e3 tham gia c\u00f9ng ch\u00fang t\u00f4i!","og_url":"https:\/\/australmigrate.com.vn\/vi\/cam-on-ban-thac-mac\/","og_site_name":"How To Migrate To Australia From Vietnam - Austral Migration Consultancy","article_publisher":"https:\/\/www.facebook.com\/australmigrate","article_modified_time":"2023-12-18T09:26:12+00:00","og_image":[{"width":450,"height":208,"url":"https:\/\/australmigrate.com.vn\/wp-content\/uploads\/2020\/01\/logo-white-background-border.jpg","type":"image\/jpeg"}],"twitter_card":"summary_large_image","twitter_misc":{"Est. reading time":"3 minutes"},"schema":{"@context":"https:\/\/schema.org","@graph":[{"@type":"WebPage","@id":"https:\/\/australmigrate.com.vn\/vi\/cam-on-ban-thac-mac\/","url":"https:\/\/australmigrate.com.vn\/vi\/cam-on-ban-thac-mac\/","name":"C\u1ea3m \u01a1n b\u1ea1n th\u1eafc m\u1eafc | C\u01a1 quan di tr\u00fa t\u1eeb Malaysia","isPartOf":{"@id":"https:\/\/australmigrate.com.vn\/vi\/#website"},"datePublished":"2013-09-10T01:47:22+00:00","dateModified":"2023-12-18T09:26:12+00:00","description":"V\u0103n ph\u00f2ng c\u1ee7a ch\u00fang t\u00f4i \u0111\u01b0\u1ee3c \u0111\u1eb7t t\u1ea1i Kuala Lumpur, Malaysia v\u00e0 Melbourne, \u00dac. C\u1ea3m \u01a1n b\u1ea1n \u0111\u00e3 tham gia c\u00f9ng ch\u00fang t\u00f4i!","breadcrumb":{"@id":"https:\/\/australmigrate.com.vn\/vi\/cam-on-ban-thac-mac\/#breadcrumb"},"inLanguage":"vi-VN","potentialAction":[{"@type":"ReadAction","target":["https:\/\/australmigrate.com.vn\/vi\/cam-on-ban-thac-mac\/"]}]},{"@type":"BreadcrumbList","@id":"https:\/\/australmigrate.com.vn\/vi\/cam-on-ban-thac-mac\/#breadcrumb","itemListElement":[{"@type":"ListItem","position":1,"name":"Home","item":"https:\/\/australmigrate.com.vn\/vi\/"},{"@type":"ListItem","position":2,"name":"C\u1ea3m \u01a1n b\u1ea1n th\u1eafc m\u1eafc"}]},{"@type":"WebSite","@id":"https:\/\/australmigrate.com.vn\/vi\/#website","url":"https:\/\/australmigrate.com.vn\/vi\/","name":"How To Migrate To Australia From Vietnam - Austral Migration Consultancy","description":"","potentialAction":[{"@type":"SearchAction","target":{"@type":"EntryPoint","urlTemplate":"https:\/\/australmigrate.com.vn\/vi\/?s={search_term_string}"},"query-input":{"@type":"PropertyValueSpecification","valueRequired":true,"valueName":"search_term_string"}}],"inLanguage":"vi-VN"}]}},"_links":{"self":[{"href":"https:\/\/australmigrate.com.vn\/vi\/wp-json\/wp\/v2\/pages\/14438","targetHints":{"allow":["GET"]}}],"collection":[{"href":"https:\/\/australmigrate.com.vn\/vi\/wp-json\/wp\/v2\/pages"}],"about":[{"href":"https:\/\/australmigrate.com.vn\/vi\/wp-json\/wp\/v2\/types\/page"}],"author":[{"embeddable":true,"href":"https:\/\/australmigrate.com.vn\/vi\/wp-json\/wp\/v2\/users\/6"}],"replies":[{"embeddable":true,"href":"https:\/\/australmigrate.com.vn\/vi\/wp-json\/wp\/v2\/comments?post=14438"}],"version-history":[{"count":2,"href":"https:\/\/australmigrate.com.vn\/vi\/wp-json\/wp\/v2\/pages\/14438\/revisions"}],"predecessor-version":[{"id":14613,"href":"https:\/\/australmigrate.com.vn\/vi\/wp-json\/wp\/v2\/pages\/14438\/revisions\/14613"}],"wp:attachment":[{"href":"https:\/\/australmigrate.com.vn\/vi\/wp-json\/wp\/v2\/media?parent=14438"}],"curies":[{"name":"wp","href":"https:\/\/api.w.org\/{rel}","templated":true}]}}