{"id":14449,"date":"2013-08-21T01:25:35","date_gmt":"2013-08-20T17:25:35","guid":{"rendered":"https:\/\/australmigrate.com.vn\/visa-sau-dai-hoc\/"},"modified":"2023-12-20T16:01:55","modified_gmt":"2023-12-20T08:01:55","slug":"visa-sau-dai-hoc","status":"publish","type":"page","link":"https:\/\/australmigrate.com.vn\/vi\/visa-sau-dai-hoc\/","title":{"rendered":"Visa sau \u0111\u1ea1i h\u1ecdc"},"content":{"rendered":"<div class=\"fusion-fullwidth fullwidth-box fusion-builder-row-1 fusion-flex-container nonhundred-percent-fullwidth non-hundred-percent-height-scrolling\" style=\"background-color: rgba(255,255,255,0);background-position: center center;background-repeat: no-repeat;border-width: 0px 0px 0px 0px;border-color:#eae9e9;border-style:solid;\" ><div class=\"fusion-builder-row fusion-row fusion-flex-align-items-flex-start\" style=\"max-width:1144px;margin-left: calc(-4% \/ 2 );margin-right: calc(-4% \/ 2 );\"><div class=\"fusion-layout-column fusion_builder_column fusion-builder-column-0 fusion_builder_column_1_1 1_1 fusion-flex-column\"><div class=\"fusion-column-wrapper fusion-flex-justify-content-flex-start fusion-content-layout-column\" style=\"background-position:left top;background-repeat:no-repeat;-webkit-background-size:cover;-moz-background-size:cover;-o-background-size:cover;background-size:cover;padding: 0px 0px 0px 0px;\"><div class=\"fusion-text fusion-text-1\"><p>Cho ph\u00e9p sinh vi\u00ean t\u1ed1t nghi\u1ec7p t\u1eeb c\u00e1c tr\u01b0\u1eddng \u0111\u1ea1i h\u1ecdc \u00dac ho\u1eb7c sinh vi\u00ean n\u01b0\u1edbc ngo\u00e0i c\u00f3 th\u1ec3 \u0111\u1ea1t \u0111\u01b0\u1ee3c t\u1ed1i \u0111a 18 th\u00e1ng l\u00e0m vi\u1ec7c ngay l\u1eadp t\u1ee9c. B\u1ea1n c\u0169ng c\u00f3 th\u1ec3 \u0111\u1ee7 \u0111i\u1ec1u ki\u1ec7n \u0111\u1ec3 \u0111\u01b0\u1ee3c th\u01b0\u1eddng tr\u00fa nh\u00e2n t\u00f9y thu\u1ed9c v\u00e0o tr\u00ecnh \u0111\u1ed9 c\u1ee7a b\u1ea1n &#8211; vui l\u00f2ng \u0111i\u1ec1n v\u00e0o <a href=\"http:\/\/australmigrate.vn\/get-free-assessment\/\">m\u1eabu \u0111\u00e1nh gi\u00e1 mi\u1ec5n ph\u00ed<\/a> c\u1ee7a ch\u00fang t\u00f4i \u0111\u1ec3 xem b\u1ea1n c\u00f3 th\u1ec3 \u0111\u1ee7 \u0111i\u1ec1u ki\u1ec7n hay kh\u00f4ng.<\/p>\n<h2>L\u1ef1a ch\u1ecdn lo\u1ea1i th\u1ecb th\u1ef1c ph\u00f9 h\u1ee3p<\/h2>\n<ul>\n<li>K\u1ef9 s\u01b0 : Visa t\u1ed1t nghi\u1ec7p c\u00f3 tay ngh\u1ec1 cao \u2013 \u0111\u01b0\u1ee3c c\u00f4ng nh\u1eadn (Subclass 476)<\/li>\n<li>Kh\u00e1c: C\u00f3 tay ngh\u1ec1 \u2013 Visa sau \u0111\u1ea1i h\u1ecdc (Subclass 485)<\/li>\n<\/ul>\n<h2>Y\u00eau c\u1ea7u v\u1ec1 th\u1ecb th\u1ef1c<\/h2>\n<h3>K\u1ef9 s\u01b0 : Visa t\u1ed1t nghi\u1ec7p c\u00f3 tay ngh\u1ec1 cao \u2013 \u0111\u01b0\u1ee3c c\u00f4ng nh\u1eadn (Subclass 476)<\/h3>\n<ul>\n<li>Ph\u1ea3i d\u01b0\u1edbi 31 tu\u1ed5i<\/li>\n<li>B\u1eb1ng K\u1ef9 s\u01b0 C\u1ee5 th\u1ec3 (k\u1ef7 lu\u1eadt) t\u1ea1i m\u1ed9t T\u1ed5 ch\u1ee9c \u0111\u01b0\u1ee3c C\u00f4ng nh\u1eadn (\u00dac ho\u1eb7c \u1edf n\u01b0\u1edbc ngo\u00e0i) trong 2 n\u0103m qua<\/li>\n<li>Kh\u1ea3 n\u0103ng Anh ng\u1eef Ti\u00eau chu\u1ea9n (IELTS \u2013 6.0 cho m\u1ed7i 4 k\u1ef9 n\u0103ng)<\/li>\n<\/ul>\n<h3>Kh\u00e1c: C\u00f3 tay ngh\u1ec1 \u2013 Visa sau \u0111\u1ea1i h\u1ecdc (Subclass 485)<\/h3>\n<ul>\n<li>N\u1ed9p \u0111\u01a1n trong v\u00f2ng 6 th\u00e1ng sau khi ho\u00e0n th\u00e0nh b\u1eb1ng c\u1ea5p \u0111\u1ee7 \u0111i\u1ec1u ki\u1ec7n t\u1ea1i \u00dac<\/li>\n<li>\u00cdt nh\u1ea5t 2 n\u0103m h\u1ecdc t\u1ea1i \u00dac<\/li>\n<li>D\u01b0\u1edbi 50 tu\u1ed5i<\/li>\n<li>Kh\u1ea3 n\u0103ng Anh ng\u1eef Ti\u00eau chu\u1ea9n (IELTS \u2013 6.0 cho c\u1ea3 4 k\u1ef9 n\u0103ng)<\/li>\n<li>Ngh\u1ec1 nghi\u1ec7p c\u1ee7a b\u1ea1n ph\u1ea3i n\u1eb1m trong Danh s\u00e1ch ngh\u1ec1 nghi\u1ec7p c\u00f3 tay ngh\u1ec1 cao (SOL) c\u1ee7a \u00dac<\/li>\n<\/ul>\n<h2>Quy\u1ec1n l\u1ee3i Visa<\/h2>\n<ul>\n<li>L\u00e0m vi\u1ec7c to\u00e0n th\u1eddi gian ngay trong 18 th\u00e1ng<\/li>\n<li>S\u1ed1ng v\u00e0 l\u00e0m vi\u1ec7c t\u1ea1i b\u1ea5t k\u1ef3 v\u00f9ng n\u00e0o c\u1ee7a \u00dac<\/li>\n<li>C\u00f3 th\u1ec3 n\u1ed9p \u0111\u01a1n xin th\u01b0\u1eddng tr\u00fa b\u1ea5t c\u1ee9 l\u00fac n\u00e0o (n\u1ebfu b\u1ea1n c\u00f3 th\u1ec3 \u0111\u00e1p \u1ee9ng \u0111i\u1ec3m v\u01b0\u1ee3t qua cho b\u00e0i ki\u1ec3m tra \u0111i\u1ec3m Di c\u01b0 c\u00f3 tay ngh\u1ec1 chung)<\/li>\n<\/ul>\n<\/div><\/div><style type=\"text\/css\">.fusion-body .fusion-builder-column-0{width:100% !important;margin-top : 0px;margin-bottom : 0px;}.fusion-builder-column-0 > .fusion-column-wrapper {padding-top : 0px !important;padding-right : 0px !important;margin-right : 1.92%;padding-bottom : 0px !important;padding-left : 0px !important;margin-left : 1.92%;}@media only screen and (max-width:1024px) {.fusion-body .fusion-builder-column-0{width:100% !important;}.fusion-builder-column-0 > .fusion-column-wrapper {margin-right : 1.92%;margin-left : 1.92%;}}@media only screen and (max-width:640px) {.fusion-body .fusion-builder-column-0{width:100% !important;}.fusion-builder-column-0 > .fusion-column-wrapper {margin-right : 1.92%;margin-left : 1.92%;}}<\/style><\/div><\/div><style type=\"text\/css\">.fusion-body .fusion-flex-container.fusion-builder-row-1{ padding-top : 0px;margin-top : 0px;padding-right : 0px;padding-bottom : 0px;margin-bottom : 0px;padding-left : 0px;}<\/style><\/div>\n","protected":false},"excerpt":{"rendered":"","protected":false},"author":6,"featured_media":0,"parent":0,"menu_order":0,"comment_status":"closed","ping_status":"open","template":"","meta":{"footnotes":""},"class_list":["post-14449","page","type-page","status-publish","hentry"],"yoast_head":"<!-- This site is optimized with the Yoast SEO plugin v27.0 - https:\/\/yoast.com\/product\/yoast-seo-wordpress\/ -->\n<title>Visa sau \u0111\u1ea1i h\u1ecdc T\u00ean How To Migrate To Australia From Vietnam - Austral Migration Consultancy -<\/title>\n<meta name=\"description\" content=\"Cho ph\u00e9p sinh vi\u00ean t\u1ed1t nghi\u1ec7p t\u1eeb c\u00e1c tr\u01b0\u1eddng \u0111\u1ea1i h\u1ecdc \u00dac ho\u1eb7c sinh vi\u00ean n\u01b0\u1edbc ngo\u00e0i c\u00f3 \u0111\u01b0\u1ee3c quy\u1ec1n l\u00e0m vi\u1ec7c l\u00ean \u0111\u1ebfn 36 th\u00e1ng t\u1ea1i \u00dac v\u1edbi th\u1ecb th\u1ef1c n\u00e0y.\" \/>\n<meta name=\"robots\" content=\"index, follow, max-snippet:-1, max-image-preview:large, max-video-preview:-1\" \/>\n<link rel=\"canonical\" href=\"https:\/\/australmigrate.com.vn\/vi\/visa-sau-dai-hoc\/\" \/>\n<meta property=\"og:locale\" content=\"vi_VN\" \/>\n<meta property=\"og:type\" content=\"article\" \/>\n<meta property=\"og:title\" content=\"Visa sau \u0111\u1ea1i h\u1ecdc T\u00ean How To Migrate To Australia From Vietnam - Austral Migration Consultancy -\" \/>\n<meta property=\"og:description\" content=\"Cho ph\u00e9p sinh vi\u00ean t\u1ed1t nghi\u1ec7p t\u1eeb c\u00e1c tr\u01b0\u1eddng \u0111\u1ea1i h\u1ecdc \u00dac ho\u1eb7c sinh vi\u00ean n\u01b0\u1edbc ngo\u00e0i c\u00f3 \u0111\u01b0\u1ee3c quy\u1ec1n l\u00e0m vi\u1ec7c l\u00ean \u0111\u1ebfn 36 th\u00e1ng t\u1ea1i \u00dac v\u1edbi th\u1ecb th\u1ef1c n\u00e0y.\" \/>\n<meta property=\"og:url\" content=\"https:\/\/australmigrate.com.vn\/vi\/visa-sau-dai-hoc\/\" \/>\n<meta property=\"og:site_name\" content=\"How To Migrate To Australia From Vietnam - Austral Migration Consultancy\" \/>\n<meta property=\"article:publisher\" content=\"https:\/\/www.facebook.com\/australmigrate\" \/>\n<meta property=\"article:modified_time\" content=\"2023-12-20T08:01:55+00:00\" \/>\n<meta property=\"og:image\" content=\"http:\/\/australmigrate.vn\/wp-content\/uploads\/2020\/02\/SC155_Substantial_Ties.jpg\" \/>\n<meta name=\"twitter:card\" content=\"summary_large_image\" \/>\n<meta name=\"twitter:label1\" content=\"Est. reading time\" \/>\n\t<meta name=\"twitter:data1\" content=\"3 minutes\" \/>\n<script type=\"application\/ld+json\" class=\"yoast-schema-graph\">{\"@context\":\"https:\/\/schema.org\",\"@graph\":[{\"@type\":\"WebPage\",\"@id\":\"https:\/\/australmigrate.com.vn\/vi\/visa-sau-dai-hoc\/\",\"url\":\"https:\/\/australmigrate.com.vn\/vi\/visa-sau-dai-hoc\/\",\"name\":\"Visa sau \u0111\u1ea1i h\u1ecdc T\u00ean How To Migrate To Australia From Vietnam - Austral Migration Consultancy -\",\"isPartOf\":{\"@id\":\"https:\/\/australmigrate.com.vn\/vi\/#website\"},\"datePublished\":\"2013-08-20T17:25:35+00:00\",\"dateModified\":\"2023-12-20T08:01:55+00:00\",\"description\":\"Cho ph\u00e9p sinh vi\u00ean t\u1ed1t nghi\u1ec7p t\u1eeb c\u00e1c tr\u01b0\u1eddng \u0111\u1ea1i h\u1ecdc \u00dac ho\u1eb7c sinh vi\u00ean n\u01b0\u1edbc ngo\u00e0i c\u00f3 \u0111\u01b0\u1ee3c quy\u1ec1n l\u00e0m vi\u1ec7c l\u00ean \u0111\u1ebfn 36 th\u00e1ng t\u1ea1i \u00dac v\u1edbi th\u1ecb th\u1ef1c n\u00e0y.\",\"breadcrumb\":{\"@id\":\"https:\/\/australmigrate.com.vn\/vi\/visa-sau-dai-hoc\/#breadcrumb\"},\"inLanguage\":\"vi-VN\",\"potentialAction\":[{\"@type\":\"ReadAction\",\"target\":[\"https:\/\/australmigrate.com.vn\/vi\/visa-sau-dai-hoc\/\"]}]},{\"@type\":\"BreadcrumbList\",\"@id\":\"https:\/\/australmigrate.com.vn\/vi\/visa-sau-dai-hoc\/#breadcrumb\",\"itemListElement\":[{\"@type\":\"ListItem\",\"position\":1,\"name\":\"Home\",\"item\":\"https:\/\/australmigrate.com.vn\/vi\/\"},{\"@type\":\"ListItem\",\"position\":2,\"name\":\"Visa sau \u0111\u1ea1i h\u1ecdc\"}]},{\"@type\":\"WebSite\",\"@id\":\"https:\/\/australmigrate.com.vn\/vi\/#website\",\"url\":\"https:\/\/australmigrate.com.vn\/vi\/\",\"name\":\"How To Migrate To Australia From Vietnam - Austral Migration Consultancy\",\"description\":\"\",\"potentialAction\":[{\"@type\":\"SearchAction\",\"target\":{\"@type\":\"EntryPoint\",\"urlTemplate\":\"https:\/\/australmigrate.com.vn\/vi\/?s={search_term_string}\"},\"query-input\":{\"@type\":\"PropertyValueSpecification\",\"valueRequired\":true,\"valueName\":\"search_term_string\"}}],\"inLanguage\":\"vi-VN\"}]}<\/script>\n<!-- \/ Yoast SEO plugin. -->","yoast_head_json":{"title":"Visa sau \u0111\u1ea1i h\u1ecdc T\u00ean How To Migrate To Australia From Vietnam - Austral Migration Consultancy -","description":"Cho ph\u00e9p sinh vi\u00ean t\u1ed1t nghi\u1ec7p t\u1eeb c\u00e1c tr\u01b0\u1eddng \u0111\u1ea1i h\u1ecdc \u00dac ho\u1eb7c sinh vi\u00ean n\u01b0\u1edbc ngo\u00e0i c\u00f3 \u0111\u01b0\u1ee3c quy\u1ec1n l\u00e0m vi\u1ec7c l\u00ean \u0111\u1ebfn 36 th\u00e1ng t\u1ea1i \u00dac v\u1edbi th\u1ecb th\u1ef1c n\u00e0y.","robots":{"index":"index","follow":"follow","max-snippet":"max-snippet:-1","max-image-preview":"max-image-preview:large","max-video-preview":"max-video-preview:-1"},"canonical":"https:\/\/australmigrate.com.vn\/vi\/visa-sau-dai-hoc\/","og_locale":"vi_VN","og_type":"article","og_title":"Visa sau \u0111\u1ea1i h\u1ecdc T\u00ean How To Migrate To Australia From Vietnam - Austral Migration Consultancy -","og_description":"Cho ph\u00e9p sinh vi\u00ean t\u1ed1t nghi\u1ec7p t\u1eeb c\u00e1c tr\u01b0\u1eddng \u0111\u1ea1i h\u1ecdc \u00dac ho\u1eb7c sinh vi\u00ean n\u01b0\u1edbc ngo\u00e0i c\u00f3 \u0111\u01b0\u1ee3c quy\u1ec1n l\u00e0m vi\u1ec7c l\u00ean \u0111\u1ebfn 36 th\u00e1ng t\u1ea1i \u00dac v\u1edbi th\u1ecb th\u1ef1c n\u00e0y.","og_url":"https:\/\/australmigrate.com.vn\/vi\/visa-sau-dai-hoc\/","og_site_name":"How To Migrate To Australia From Vietnam - Austral Migration Consultancy","article_publisher":"https:\/\/www.facebook.com\/australmigrate","article_modified_time":"2023-12-20T08:01:55+00:00","og_image":[{"url":"http:\/\/australmigrate.vn\/wp-content\/uploads\/2020\/02\/SC155_Substantial_Ties.jpg","type":"","width":"","height":""}],"twitter_card":"summary_large_image","twitter_misc":{"Est. reading time":"3 minutes"},"schema":{"@context":"https:\/\/schema.org","@graph":[{"@type":"WebPage","@id":"https:\/\/australmigrate.com.vn\/vi\/visa-sau-dai-hoc\/","url":"https:\/\/australmigrate.com.vn\/vi\/visa-sau-dai-hoc\/","name":"Visa sau \u0111\u1ea1i h\u1ecdc T\u00ean How To Migrate To Australia From Vietnam - Austral Migration Consultancy -","isPartOf":{"@id":"https:\/\/australmigrate.com.vn\/vi\/#website"},"datePublished":"2013-08-20T17:25:35+00:00","dateModified":"2023-12-20T08:01:55+00:00","description":"Cho ph\u00e9p sinh vi\u00ean t\u1ed1t nghi\u1ec7p t\u1eeb c\u00e1c tr\u01b0\u1eddng \u0111\u1ea1i h\u1ecdc \u00dac ho\u1eb7c sinh vi\u00ean n\u01b0\u1edbc ngo\u00e0i c\u00f3 \u0111\u01b0\u1ee3c quy\u1ec1n l\u00e0m vi\u1ec7c l\u00ean \u0111\u1ebfn 36 th\u00e1ng t\u1ea1i \u00dac v\u1edbi th\u1ecb th\u1ef1c n\u00e0y.","breadcrumb":{"@id":"https:\/\/australmigrate.com.vn\/vi\/visa-sau-dai-hoc\/#breadcrumb"},"inLanguage":"vi-VN","potentialAction":[{"@type":"ReadAction","target":["https:\/\/australmigrate.com.vn\/vi\/visa-sau-dai-hoc\/"]}]},{"@type":"BreadcrumbList","@id":"https:\/\/australmigrate.com.vn\/vi\/visa-sau-dai-hoc\/#breadcrumb","itemListElement":[{"@type":"ListItem","position":1,"name":"Home","item":"https:\/\/australmigrate.com.vn\/vi\/"},{"@type":"ListItem","position":2,"name":"Visa sau \u0111\u1ea1i h\u1ecdc"}]},{"@type":"WebSite","@id":"https:\/\/australmigrate.com.vn\/vi\/#website","url":"https:\/\/australmigrate.com.vn\/vi\/","name":"How To Migrate To Australia From Vietnam - Austral Migration Consultancy","description":"","potentialAction":[{"@type":"SearchAction","target":{"@type":"EntryPoint","urlTemplate":"https:\/\/australmigrate.com.vn\/vi\/?s={search_term_string}"},"query-input":{"@type":"PropertyValueSpecification","valueRequired":true,"valueName":"search_term_string"}}],"inLanguage":"vi-VN"}]}},"_links":{"self":[{"href":"https:\/\/australmigrate.com.vn\/vi\/wp-json\/wp\/v2\/pages\/14449","targetHints":{"allow":["GET"]}}],"collection":[{"href":"https:\/\/australmigrate.com.vn\/vi\/wp-json\/wp\/v2\/pages"}],"about":[{"href":"https:\/\/australmigrate.com.vn\/vi\/wp-json\/wp\/v2\/types\/page"}],"author":[{"embeddable":true,"href":"https:\/\/australmigrate.com.vn\/vi\/wp-json\/wp\/v2\/users\/6"}],"replies":[{"embeddable":true,"href":"https:\/\/australmigrate.com.vn\/vi\/wp-json\/wp\/v2\/comments?post=14449"}],"version-history":[{"count":12,"href":"https:\/\/australmigrate.com.vn\/vi\/wp-json\/wp\/v2\/pages\/14449\/revisions"}],"predecessor-version":[{"id":14615,"href":"https:\/\/australmigrate.com.vn\/vi\/wp-json\/wp\/v2\/pages\/14449\/revisions\/14615"}],"wp:attachment":[{"href":"https:\/\/australmigrate.com.vn\/vi\/wp-json\/wp\/v2\/media?parent=14449"}],"curies":[{"name":"wp","href":"https:\/\/api.w.org\/{rel}","templated":true}]}}